{"id":13960,"date":"2025-01-31T08:33:35","date_gmt":"2025-01-31T07:33:35","guid":{"rendered":"https:\/\/divainers.com\/producto\/divain-061\/"},"modified":"2026-04-30T11:06:16","modified_gmt":"2026-04-30T09:06:16","slug":"divain-061","status":"publish","type":"product","link":"https:\/\/divainers.com\/pt-pt\/producto\/divain-061\/","title":{"rendered":"divain.061"},"content":{"rendered":"<p>Uma fragr\u00e2ncia suave e elegante que transmite frescura e delicadeza em cada nota. A sua abertura luminosa de bergamota e folhas de violeta traz um toque c\u00edtrico e verde, enquanto um cora\u00e7\u00e3o floral de rosa, pe\u00f3nia e jasmim envolve a fragr\u00e2ncia com feminilidade e sofistica\u00e7\u00e3o. Na base, o alm\u00edscar branco e o cedro criam uma trilha quente e envolvente, perfeita para a mulher subtil, elegante e com um encanto natural.<\/p>\n","protected":false},"excerpt":{"rendered":"<p>Lembra Tous de Tous<\/p>\n","protected":false},"featured_media":13956,"comment_status":"open","ping_status":"closed","template":"","meta":[],"product_brand":[],"product_cat":[4536],"product_tag":[1440],"class_list":{"0":"post-13960","1":"product","2":"type-product","3":"status-publish","4":"has-post-thumbnail","6":"product_cat-tous","7":"product_tag-mulheres","9":"first","10":"instock","11":"shipping-taxable","12":"product-type-simple"},"_links":{"self":[{"href":"https:\/\/divainers.com\/pt-pt\/wp-json\/wp\/v2\/product\/13960","targetHints":{"allow":["GET"]}}],"collection":[{"href":"https:\/\/divainers.com\/pt-pt\/wp-json\/wp\/v2\/product"}],"about":[{"href":"https:\/\/divainers.com\/pt-pt\/wp-json\/wp\/v2\/types\/product"}],"replies":[{"embeddable":true,"href":"https:\/\/divainers.com\/pt-pt\/wp-json\/wp\/v2\/comments?post=13960"}],"wp:featuredmedia":[{"embeddable":true,"href":"https:\/\/divainers.com\/pt-pt\/wp-json\/wp\/v2\/media\/13956"}],"wp:attachment":[{"href":"https:\/\/divainers.com\/pt-pt\/wp-json\/wp\/v2\/media?parent=13960"}],"wp:term":[{"taxonomy":"product_brand","embeddable":true,"href":"https:\/\/divainers.com\/pt-pt\/wp-json\/wp\/v2\/product_brand?post=13960"},{"taxonomy":"product_cat","embeddable":true,"href":"https:\/\/divainers.com\/pt-pt\/wp-json\/wp\/v2\/product_cat?post=13960"},{"taxonomy":"product_tag","embeddable":true,"href":"https:\/\/divainers.com\/pt-pt\/wp-json\/wp\/v2\/product_tag?post=13960"}],"curies":[{"name":"wp","href":"https:\/\/api.w.org\/{rel}","templated":true}]}}