{"id":3180,"date":"2025-04-01T09:27:37","date_gmt":"2025-04-01T07:27:37","guid":{"rendered":"https:\/\/divainers.com\/?post_type=product&#038;p=3180"},"modified":"2026-03-16T16:08:32","modified_gmt":"2026-03-16T15:08:32","slug":"divain-1015","status":"publish","type":"product","link":"https:\/\/divainers.com\/pt-pt\/producto\/divain-1015\/","title":{"rendered":"divain.1015"},"content":{"rendered":"<p>Una fragancia que rinde homenaje a la rosa en su forma m\u00e1s exquisita, envolvi\u00e9ndola en un velo luminoso de notas florales y almizcladas. La frescura aterciopelada de los p\u00e9talos se entrelaza con acordes afrutados y un toque de vainilla, creando una composici\u00f3n sofisticada y moderna. Su estela es elegante y delicada, dejando un rastro envolvente y adictivo que evoca la belleza atemporal de la rosa con un giro contempor\u00e1neo y radiante.<\/p>\n","protected":false},"excerpt":{"rendered":"<p>Similar a La Vie Est Belle Rose Extraordinaire de Lanc\u00f4me<\/p>\n","protected":false},"featured_media":3181,"comment_status":"closed","ping_status":"closed","template":"","meta":[],"product_brand":[],"product_cat":[596],"product_tag":[],"class_list":{"0":"post-3180","1":"product","2":"type-product","3":"status-publish","4":"has-post-thumbnail","6":"product_cat-lancome","8":"first","9":"instock","10":"shipping-taxable","11":"product-type-simple"},"_links":{"self":[{"href":"https:\/\/divainers.com\/pt-pt\/wp-json\/wp\/v2\/product\/3180","targetHints":{"allow":["GET"]}}],"collection":[{"href":"https:\/\/divainers.com\/pt-pt\/wp-json\/wp\/v2\/product"}],"about":[{"href":"https:\/\/divainers.com\/pt-pt\/wp-json\/wp\/v2\/types\/product"}],"replies":[{"embeddable":true,"href":"https:\/\/divainers.com\/pt-pt\/wp-json\/wp\/v2\/comments?post=3180"}],"wp:featuredmedia":[{"embeddable":true,"href":"https:\/\/divainers.com\/pt-pt\/wp-json\/wp\/v2\/media\/3181"}],"wp:attachment":[{"href":"https:\/\/divainers.com\/pt-pt\/wp-json\/wp\/v2\/media?parent=3180"}],"wp:term":[{"taxonomy":"product_brand","embeddable":true,"href":"https:\/\/divainers.com\/pt-pt\/wp-json\/wp\/v2\/product_brand?post=3180"},{"taxonomy":"product_cat","embeddable":true,"href":"https:\/\/divainers.com\/pt-pt\/wp-json\/wp\/v2\/product_cat?post=3180"},{"taxonomy":"product_tag","embeddable":true,"href":"https:\/\/divainers.com\/pt-pt\/wp-json\/wp\/v2\/product_tag?post=3180"}],"curies":[{"name":"wp","href":"https:\/\/api.w.org\/{rel}","templated":true}]}}