{"id":383,"date":"2025-01-31T08:31:57","date_gmt":"2025-01-31T07:31:57","guid":{"rendered":"https:\/\/divainers.com\/producto\/divain-906\/"},"modified":"2026-04-30T16:21:25","modified_gmt":"2026-04-30T14:21:25","slug":"divain-906","status":"publish","type":"product","link":"https:\/\/divainers.com\/pt-pt\/producto\/divain-906\/","title":{"rendered":"divain.906"},"content":{"rendered":"<p>Sladk\u00e1 a obklopuj\u00edc\u00ed v\u016fn\u011b, kter\u00e1 zachycuje podstatu neodolateln\u011b tepl\u00e9 a sv\u016fdn\u00e9 p\u0159ita\u017elivosti. Od prvn\u00edho okam\u017eiku se v\u00fdbuch krvav\u00e9ho pomeran\u010de spojuje s jemn\u00fdm kv\u011btem pomeran\u010dovn\u00edku, vytv\u00e1\u0159ej\u00edc sv\u011b\u017e\u00ed a z\u00e1\u0159iv\u00fd pocit, kter\u00fd se rychle prom\u011bn\u00ed v jemn\u011bj\u0161\u00ed a slad\u0161\u00ed stopu. R\u016f\u017eov\u00e9 t\u00f3ny se m\u00eds\u00ed s vanilkou a karamelem, aby nab\u00eddly sametovou sladkost, zat\u00edmco pi\u017emo a n\u00e1dech santalov\u00e9ho d\u0159eva dod\u00e1vaj\u00ed hloubku, obaluj\u00ed v\u016fni tajemnou a okouzluj\u00edc\u00ed smyslnost\u00ed. Tento parf\u00e9m je objet\u00edm jemnosti a sladkosti, ide\u00e1ln\u00ed pro ty, kte\u0159\u00ed hledaj\u00ed neodolatelnou v\u016fni, kter\u00e1 z\u016fst\u00e1v\u00e1 na poko\u017ece a zanech\u00e1v\u00e1 romantickou a okouzluj\u00edc\u00ed stopu po cel\u00fd den.<\/p>\n","protected":false},"excerpt":{"rendered":"<p>P\u0159ipom\u00edn\u00e1 Love Don&#8217;t Be Shy by Kilian<\/p>\n","protected":false},"featured_media":15948,"comment_status":"open","ping_status":"closed","template":"","meta":[],"product_brand":[],"product_cat":[1951],"product_tag":[1434],"class_list":{"0":"post-383","1":"product","2":"type-product","3":"status-publish","4":"has-post-thumbnail","6":"product_cat-by-kilian","7":"product_tag-zene","9":"first","10":"instock","11":"shipping-taxable","12":"product-type-simple"},"_links":{"self":[{"href":"https:\/\/divainers.com\/pt-pt\/wp-json\/wp\/v2\/product\/383","targetHints":{"allow":["GET"]}}],"collection":[{"href":"https:\/\/divainers.com\/pt-pt\/wp-json\/wp\/v2\/product"}],"about":[{"href":"https:\/\/divainers.com\/pt-pt\/wp-json\/wp\/v2\/types\/product"}],"replies":[{"embeddable":true,"href":"https:\/\/divainers.com\/pt-pt\/wp-json\/wp\/v2\/comments?post=383"}],"wp:featuredmedia":[{"embeddable":true,"href":"https:\/\/divainers.com\/pt-pt\/wp-json\/wp\/v2\/media\/15948"}],"wp:attachment":[{"href":"https:\/\/divainers.com\/pt-pt\/wp-json\/wp\/v2\/media?parent=383"}],"wp:term":[{"taxonomy":"product_brand","embeddable":true,"href":"https:\/\/divainers.com\/pt-pt\/wp-json\/wp\/v2\/product_brand?post=383"},{"taxonomy":"product_cat","embeddable":true,"href":"https:\/\/divainers.com\/pt-pt\/wp-json\/wp\/v2\/product_cat?post=383"},{"taxonomy":"product_tag","embeddable":true,"href":"https:\/\/divainers.com\/pt-pt\/wp-json\/wp\/v2\/product_tag?post=383"}],"curies":[{"name":"wp","href":"https:\/\/api.w.org\/{rel}","templated":true}]}}