{"id":3856,"date":"2025-05-30T09:41:43","date_gmt":"2025-05-30T07:41:43","guid":{"rendered":"https:\/\/divainers.com\/?post_type=product&#038;p=3856"},"modified":"2026-03-16T16:08:34","modified_gmt":"2026-03-16T15:08:34","slug":"divain-483","status":"publish","type":"product","link":"https:\/\/divainers.com\/pt-pt\/producto\/divain-483\/","title":{"rendered":"divain.483"},"content":{"rendered":"<p>Una fragancia audaz y sofisticada que combina la frescura especiada con una calidez envolvente. Su apertura vibrante de naranja sanguina y pimienta negra da paso a un coraz\u00f3n de lavanda y flor de azahar, culminando en una base rica de s\u00e1ndalo blanco, musgo y \u00e1mbar. <span class=\"relative -mx-px my-[-0.2rem] rounded px-px py-[0.2rem] transition-colors duration-100 ease-in-out\">Ideal para quienes buscan una esencia distintiva y duradera que equilibre lo cl\u00e1sico y lo moderno.<\/span><\/p>\n","protected":false},"excerpt":{"rendered":"<p>Recuerda a Kalan Parfums de Marly<\/p>\n","protected":false},"featured_media":3853,"comment_status":"closed","ping_status":"closed","template":"","meta":[],"product_brand":[],"product_cat":[831],"product_tag":[],"class_list":{"0":"post-3856","1":"product","2":"type-product","3":"status-publish","4":"has-post-thumbnail","6":"product_cat-parfums-de-marly","8":"first","9":"instock","10":"shipping-taxable","11":"product-type-simple"},"_links":{"self":[{"href":"https:\/\/divainers.com\/pt-pt\/wp-json\/wp\/v2\/product\/3856","targetHints":{"allow":["GET"]}}],"collection":[{"href":"https:\/\/divainers.com\/pt-pt\/wp-json\/wp\/v2\/product"}],"about":[{"href":"https:\/\/divainers.com\/pt-pt\/wp-json\/wp\/v2\/types\/product"}],"replies":[{"embeddable":true,"href":"https:\/\/divainers.com\/pt-pt\/wp-json\/wp\/v2\/comments?post=3856"}],"wp:featuredmedia":[{"embeddable":true,"href":"https:\/\/divainers.com\/pt-pt\/wp-json\/wp\/v2\/media\/3853"}],"wp:attachment":[{"href":"https:\/\/divainers.com\/pt-pt\/wp-json\/wp\/v2\/media?parent=3856"}],"wp:term":[{"taxonomy":"product_brand","embeddable":true,"href":"https:\/\/divainers.com\/pt-pt\/wp-json\/wp\/v2\/product_brand?post=3856"},{"taxonomy":"product_cat","embeddable":true,"href":"https:\/\/divainers.com\/pt-pt\/wp-json\/wp\/v2\/product_cat?post=3856"},{"taxonomy":"product_tag","embeddable":true,"href":"https:\/\/divainers.com\/pt-pt\/wp-json\/wp\/v2\/product_tag?post=3856"}],"curies":[{"name":"wp","href":"https:\/\/api.w.org\/{rel}","templated":true}]}}