{"id":390,"date":"2025-01-31T08:31:57","date_gmt":"2025-01-31T07:31:57","guid":{"rendered":"https:\/\/divainers.com\/producto\/divain-913\/"},"modified":"2026-04-30T16:21:34","modified_gmt":"2026-04-30T14:21:34","slug":"divain-913","status":"publish","type":"product","link":"https:\/\/divainers.com\/pt-pt\/producto\/divain-913\/","title":{"rendered":"divain.913"},"content":{"rendered":"<p>Zaj\u00edmav\u00e1 a tajemn\u00e1 v\u016fn\u011b, kter\u00e1 vyza\u0159uje sofistikovanost a smyslnost v ka\u017ed\u00e9 not\u011b. Od \u00favodu se tmav\u00e1 a sladk\u00e1 sm\u011bs rumu a mandle spojuje s jemn\u00fdm n\u00e1dechem karamelu a \u010dokol\u00e1dy, vytv\u00e1\u0159ej\u00edc\u00ed tepl\u00fd a dekadentn\u00ed z\u00e1\u017eitek, kter\u00fd zve k rozmazlov\u00e1n\u00ed. Jak se v\u016fn\u011b rozv\u00edj\u00ed, t\u00f3ny k\u00e1vy a santalov\u00e9ho d\u0159eva p\u0159id\u00e1vaj\u00ed bohatou d\u0159evitou hloubku, zat\u00edmco dotek medu a vanilky obaluje v\u016fni sametovou a obklopuj\u00edc\u00ed sladkost\u00ed. Z\u00e1klad z oudu a pi\u017ema zanech\u00e1v\u00e1 tmav\u00fd a smysln\u00fd stopu, kter\u00e1 je siln\u00e1 a sv\u016fdn\u00e1. Tato v\u016fn\u011b je navr\u017eena pro ty, kte\u0159\u00ed hledaj\u00ed odv\u00e1\u017en\u00fd, slo\u017eit\u00fd a tajemn\u00fd parf\u00e9m, kter\u00fd kombinuje sladk\u00e9, ko\u0159en\u011bn\u00e9 a d\u0159evit\u00e9 t\u00f3ny v trval\u00e9 stop\u011b.<\/p>\n","protected":false},"excerpt":{"rendered":"<p>P\u0159ipom\u00edn\u00e1 Black Phantom od by Kilian<\/p>\n","protected":false},"featured_media":15954,"comment_status":"open","ping_status":"closed","template":"","meta":[],"product_brand":[],"product_cat":[1960],"product_tag":[1393],"class_list":{"0":"post-390","1":"product","2":"type-product","3":"status-publish","4":"has-post-thumbnail","6":"product_cat-by-kilian","7":"product_tag-unisex","9":"first","10":"instock","11":"shipping-taxable","12":"product-type-simple"},"_links":{"self":[{"href":"https:\/\/divainers.com\/pt-pt\/wp-json\/wp\/v2\/product\/390","targetHints":{"allow":["GET"]}}],"collection":[{"href":"https:\/\/divainers.com\/pt-pt\/wp-json\/wp\/v2\/product"}],"about":[{"href":"https:\/\/divainers.com\/pt-pt\/wp-json\/wp\/v2\/types\/product"}],"replies":[{"embeddable":true,"href":"https:\/\/divainers.com\/pt-pt\/wp-json\/wp\/v2\/comments?post=390"}],"wp:featuredmedia":[{"embeddable":true,"href":"https:\/\/divainers.com\/pt-pt\/wp-json\/wp\/v2\/media\/15954"}],"wp:attachment":[{"href":"https:\/\/divainers.com\/pt-pt\/wp-json\/wp\/v2\/media?parent=390"}],"wp:term":[{"taxonomy":"product_brand","embeddable":true,"href":"https:\/\/divainers.com\/pt-pt\/wp-json\/wp\/v2\/product_brand?post=390"},{"taxonomy":"product_cat","embeddable":true,"href":"https:\/\/divainers.com\/pt-pt\/wp-json\/wp\/v2\/product_cat?post=390"},{"taxonomy":"product_tag","embeddable":true,"href":"https:\/\/divainers.com\/pt-pt\/wp-json\/wp\/v2\/product_tag?post=390"}],"curies":[{"name":"wp","href":"https:\/\/api.w.org\/{rel}","templated":true}]}}