{"id":406,"date":"2025-01-31T08:31:58","date_gmt":"2025-01-31T07:31:58","guid":{"rendered":"https:\/\/divainers.com\/producto\/divain-843\/"},"modified":"2026-03-16T16:07:19","modified_gmt":"2026-03-16T15:07:19","slug":"divain-843","status":"publish","type":"product","link":"https:\/\/divainers.com\/pt-pt\/producto\/divain-843\/","title":{"rendered":"divain.843"},"content":{"rendered":"<p>\u200b<span class=\"relative -mx-px my-[-0.2rem] rounded px-px py-[0.2rem]\">Esta fragancia unisex comienza con una mezcla intrigante de grosella negra y yerba mate, ofreciendo una apertura afrutada y ligeramente amarga.<\/span> <span class=\"relative -mx-px my-[-0.2rem] rounded px-px py-[0.2rem]\">En el coraz\u00f3n, el t\u00e9 negro de Ceil\u00e1n y las hojas de violeta aportan una sensaci\u00f3n c\u00e1lida y terrosa, mientras que la base de maderas de abedul y papiro a\u00f1ade profundidad y un toque ahumado.<\/span> <span class=\"relative -mx-px my-[-0.2rem] rounded px-px py-[0.2rem]\">Ideal para quienes buscan una esencia compleja y distintiva que evoque una sensaci\u00f3n de sofisticaci\u00f3n y misterio.<\/span><\/p>\n","protected":false},"excerpt":{"rendered":"<p>Recuerda a Mixed emotions de Byredo<\/p>\n","protected":false},"featured_media":3334,"comment_status":"open","ping_status":"closed","template":"","meta":[],"product_brand":[],"product_cat":[2019],"product_tag":[1379],"class_list":{"0":"post-406","1":"product","2":"type-product","3":"status-publish","4":"has-post-thumbnail","6":"product_cat-byredo","7":"product_tag-unisex","9":"first","10":"instock","11":"shipping-taxable","12":"product-type-simple"},"_links":{"self":[{"href":"https:\/\/divainers.com\/pt-pt\/wp-json\/wp\/v2\/product\/406","targetHints":{"allow":["GET"]}}],"collection":[{"href":"https:\/\/divainers.com\/pt-pt\/wp-json\/wp\/v2\/product"}],"about":[{"href":"https:\/\/divainers.com\/pt-pt\/wp-json\/wp\/v2\/types\/product"}],"replies":[{"embeddable":true,"href":"https:\/\/divainers.com\/pt-pt\/wp-json\/wp\/v2\/comments?post=406"}],"wp:featuredmedia":[{"embeddable":true,"href":"https:\/\/divainers.com\/pt-pt\/wp-json\/wp\/v2\/media\/3334"}],"wp:attachment":[{"href":"https:\/\/divainers.com\/pt-pt\/wp-json\/wp\/v2\/media?parent=406"}],"wp:term":[{"taxonomy":"product_brand","embeddable":true,"href":"https:\/\/divainers.com\/pt-pt\/wp-json\/wp\/v2\/product_brand?post=406"},{"taxonomy":"product_cat","embeddable":true,"href":"https:\/\/divainers.com\/pt-pt\/wp-json\/wp\/v2\/product_cat?post=406"},{"taxonomy":"product_tag","embeddable":true,"href":"https:\/\/divainers.com\/pt-pt\/wp-json\/wp\/v2\/product_tag?post=406"}],"curies":[{"name":"wp","href":"https:\/\/api.w.org\/{rel}","templated":true}]}}