{"id":411,"date":"2025-01-31T08:32:00","date_gmt":"2025-01-31T07:32:00","guid":{"rendered":"https:\/\/divainers.com\/producto\/divain-059\/"},"modified":"2026-03-16T16:07:19","modified_gmt":"2026-03-16T15:07:19","slug":"divain-059","status":"publish","type":"product","link":"https:\/\/divainers.com\/pt-pt\/producto\/divain-059\/","title":{"rendered":"divain.059"},"content":{"rendered":"<p>Un aroma magn\u00e9tico y seductor que despierta la tentaci\u00f3n con cada nota. Su apertura vibrante de mandarina y hiedra negra aporta un toque fresco y misterioso. En el coraz\u00f3n, la flor de tiar\u00e9 y la suave feminidad del jazm\u00edn crean un acorde ex\u00f3tico y envolvente. En el fondo, la vainilla y la madera de cedro dejan una estela c\u00e1lida y adictiva, perfecta para la mujer apasionada, atrevida y con un encanto irresistible.<\/p>\n","protected":false},"excerpt":{"rendered":"<p>Recuerda a Amor Amor Tentation de Cacharel<\/p>\n","protected":false},"featured_media":3533,"comment_status":"open","ping_status":"closed","template":"","meta":[],"product_brand":[],"product_cat":[2060],"product_tag":[1418],"class_list":{"0":"post-411","1":"product","2":"type-product","3":"status-publish","4":"has-post-thumbnail","6":"product_cat-cacharel","7":"product_tag-women","9":"first","10":"instock","11":"shipping-taxable","12":"product-type-simple"},"_links":{"self":[{"href":"https:\/\/divainers.com\/pt-pt\/wp-json\/wp\/v2\/product\/411","targetHints":{"allow":["GET"]}}],"collection":[{"href":"https:\/\/divainers.com\/pt-pt\/wp-json\/wp\/v2\/product"}],"about":[{"href":"https:\/\/divainers.com\/pt-pt\/wp-json\/wp\/v2\/types\/product"}],"replies":[{"embeddable":true,"href":"https:\/\/divainers.com\/pt-pt\/wp-json\/wp\/v2\/comments?post=411"}],"wp:featuredmedia":[{"embeddable":true,"href":"https:\/\/divainers.com\/pt-pt\/wp-json\/wp\/v2\/media\/3533"}],"wp:attachment":[{"href":"https:\/\/divainers.com\/pt-pt\/wp-json\/wp\/v2\/media?parent=411"}],"wp:term":[{"taxonomy":"product_brand","embeddable":true,"href":"https:\/\/divainers.com\/pt-pt\/wp-json\/wp\/v2\/product_brand?post=411"},{"taxonomy":"product_cat","embeddable":true,"href":"https:\/\/divainers.com\/pt-pt\/wp-json\/wp\/v2\/product_cat?post=411"},{"taxonomy":"product_tag","embeddable":true,"href":"https:\/\/divainers.com\/pt-pt\/wp-json\/wp\/v2\/product_tag?post=411"}],"curies":[{"name":"wp","href":"https:\/\/api.w.org\/{rel}","templated":true}]}}