{"id":473,"date":"2025-01-31T08:32:08","date_gmt":"2025-01-31T07:32:08","guid":{"rendered":"https:\/\/divainers.com\/producto\/divain-018\/"},"modified":"2026-03-16T16:07:25","modified_gmt":"2026-03-16T15:07:25","slug":"divain-018","status":"publish","type":"product","link":"https:\/\/divainers.com\/pt-pt\/producto\/divain-018\/","title":{"rendered":"divain.018"},"content":{"rendered":"<div class=\"flex max-w-full flex-col flex-grow\">\n<div class=\"min-h-8 text-message relative flex w-full flex-col items-end gap-2 whitespace-normal break-words text-start [.text-message+&amp;]:mt-5\" dir=\"auto\" data-message-author-role=\"assistant\" data-message-id=\"8e214ba4-10da-4266-b094-b9aa8cc30509\" data-message-model-slug=\"gpt-4o\">\n<div class=\"flex w-full flex-col gap-1 empty:hidden first:pt-[3px]\">\n<div class=\"markdown prose w-full break-words dark:prose-invert light\">\n<p data-start=\"0\" data-end=\"446\" data-is-last-node=\"\" data-is-only-node=\"\">Un aroma fresco y din\u00e1mico que combina energ\u00eda y elegancia en perfecta armon\u00eda. La salida chispeante de mandarina y aldeh\u00eddos aporta una sensaci\u00f3n revitalizante, mientras un coraz\u00f3n especiado de pimienta y neroli a\u00f1ade un toque sofisticado y vibrante. En el fondo, el haba tonka, el almizcle blanco y el vetiver crean una estela sensual y envolvente, perfecta para el hombre activo, seguro de s\u00ed mismo y con un estilo inconfundiblemente refinado.<\/p>\n<\/div>\n<\/div>\n<\/div>\n<\/div>\n","protected":false},"excerpt":{"rendered":"<p>Recuerda a Allure Sport de Chanel<\/p>\n","protected":false},"featured_media":3505,"comment_status":"open","ping_status":"closed","template":"","meta":[],"product_brand":[],"product_cat":[2124],"product_tag":[1343],"class_list":{"0":"post-473","1":"product","2":"type-product","3":"status-publish","4":"has-post-thumbnail","6":"product_cat-chanel","7":"product_tag-hommes","9":"first","10":"instock","11":"shipping-taxable","12":"product-type-simple"},"_links":{"self":[{"href":"https:\/\/divainers.com\/pt-pt\/wp-json\/wp\/v2\/product\/473","targetHints":{"allow":["GET"]}}],"collection":[{"href":"https:\/\/divainers.com\/pt-pt\/wp-json\/wp\/v2\/product"}],"about":[{"href":"https:\/\/divainers.com\/pt-pt\/wp-json\/wp\/v2\/types\/product"}],"replies":[{"embeddable":true,"href":"https:\/\/divainers.com\/pt-pt\/wp-json\/wp\/v2\/comments?post=473"}],"wp:featuredmedia":[{"embeddable":true,"href":"https:\/\/divainers.com\/pt-pt\/wp-json\/wp\/v2\/media\/3505"}],"wp:attachment":[{"href":"https:\/\/divainers.com\/pt-pt\/wp-json\/wp\/v2\/media?parent=473"}],"wp:term":[{"taxonomy":"product_brand","embeddable":true,"href":"https:\/\/divainers.com\/pt-pt\/wp-json\/wp\/v2\/product_brand?post=473"},{"taxonomy":"product_cat","embeddable":true,"href":"https:\/\/divainers.com\/pt-pt\/wp-json\/wp\/v2\/product_cat?post=473"},{"taxonomy":"product_tag","embeddable":true,"href":"https:\/\/divainers.com\/pt-pt\/wp-json\/wp\/v2\/product_tag?post=473"}],"curies":[{"name":"wp","href":"https:\/\/api.w.org\/{rel}","templated":true}]}}