{"id":691,"date":"2025-01-31T08:32:35","date_gmt":"2025-01-31T07:32:35","guid":{"rendered":"https:\/\/divainers.com\/producto\/divain-568\/"},"modified":"2026-03-16T16:07:42","modified_gmt":"2026-03-16T15:07:42","slug":"divain-568","status":"publish","type":"product","link":"https:\/\/divainers.com\/pt-pt\/producto\/divain-568\/","title":{"rendered":"divain.568"},"content":{"rendered":"<p>Un aroma c\u00e1lido, elegante y profundamente femenino que evoca la sofisticaci\u00f3n y la sensualidad. Desde la apertura, una mezcla de lavanda y c\u00edtricos aporta una frescura arom\u00e1tica, que se combina perfectamente con la dulzura de la vainilla. En su coraz\u00f3n, el jazm\u00edn y el iris aportan una suavidad floral, creando una sensaci\u00f3n de delicadeza y pureza, mientras que el toque de s\u00e1ndalo, almizcle y pachul\u00ed en el fondo le otorgan una base amaderada y c\u00e1lida, que a\u00f1ade profundidad y longevidad a la fragancia. Un perfume ideal para quienes buscan una fragancia floral, amaderada y especiada, perfecta para el d\u00eda a d\u00eda o para ocasiones especiales que requieran una presencia refinada y envolvente.<\/p>\n","protected":false},"excerpt":{"rendered":"<p>Recuerda a Mon Guerlain de Guerlain<\/p>\n","protected":false},"featured_media":3481,"comment_status":"open","ping_status":"closed","template":"","meta":[],"product_brand":[],"product_cat":[443],"product_tag":[38],"class_list":{"0":"post-691","1":"product","2":"type-product","3":"status-publish","4":"has-post-thumbnail","6":"product_cat-guerlain","7":"product_tag-mujer","9":"first","10":"instock","11":"shipping-taxable","12":"product-type-simple"},"_links":{"self":[{"href":"https:\/\/divainers.com\/pt-pt\/wp-json\/wp\/v2\/product\/691","targetHints":{"allow":["GET"]}}],"collection":[{"href":"https:\/\/divainers.com\/pt-pt\/wp-json\/wp\/v2\/product"}],"about":[{"href":"https:\/\/divainers.com\/pt-pt\/wp-json\/wp\/v2\/types\/product"}],"replies":[{"embeddable":true,"href":"https:\/\/divainers.com\/pt-pt\/wp-json\/wp\/v2\/comments?post=691"}],"wp:featuredmedia":[{"embeddable":true,"href":"https:\/\/divainers.com\/pt-pt\/wp-json\/wp\/v2\/media\/3481"}],"wp:attachment":[{"href":"https:\/\/divainers.com\/pt-pt\/wp-json\/wp\/v2\/media?parent=691"}],"wp:term":[{"taxonomy":"product_brand","embeddable":true,"href":"https:\/\/divainers.com\/pt-pt\/wp-json\/wp\/v2\/product_brand?post=691"},{"taxonomy":"product_cat","embeddable":true,"href":"https:\/\/divainers.com\/pt-pt\/wp-json\/wp\/v2\/product_cat?post=691"},{"taxonomy":"product_tag","embeddable":true,"href":"https:\/\/divainers.com\/pt-pt\/wp-json\/wp\/v2\/product_tag?post=691"}],"curies":[{"name":"wp","href":"https:\/\/api.w.org\/{rel}","templated":true}]}}