{"id":6939,"date":"2026-03-17T15:43:45","date_gmt":"2026-03-17T14:43:45","guid":{"rendered":"https:\/\/divainers.com\/producto\/divain-1093\/"},"modified":"2026-04-30T09:42:39","modified_gmt":"2026-04-30T07:42:39","slug":"divain-1093","status":"publish","type":"product","link":"https:\/\/divainers.com\/pt-pt\/producto\/divain-1093\/","title":{"rendered":"divain.1093"},"content":{"rendered":"<p>Evoca uma feminilidade intensa e radiante, com um car\u00e1ter envolvente e sedutor que transmite poder e eleg\u00e2ncia. \u00c9 uma fragr\u00e2ncia sofisticada e viciante, perfeita para quem busca um aroma marcante, sensual e cheio de presen\u00e7a.<\/p>\n","protected":false},"excerpt":{"rendered":"<p>Lembra Gaultier Divine Elixir de Jean Paul Gaultier<\/p>\n","protected":false},"featured_media":6854,"comment_status":"open","ping_status":"closed","template":"","meta":[],"product_brand":[],"product_cat":[1306],"product_tag":[1440],"class_list":{"0":"post-6939","1":"product","2":"type-product","3":"status-publish","4":"has-post-thumbnail","6":"product_cat-jean-paul-gaultier","7":"product_tag-mulheres","9":"first","10":"instock","11":"shipping-taxable","12":"product-type-simple"},"_links":{"self":[{"href":"https:\/\/divainers.com\/pt-pt\/wp-json\/wp\/v2\/product\/6939","targetHints":{"allow":["GET"]}}],"collection":[{"href":"https:\/\/divainers.com\/pt-pt\/wp-json\/wp\/v2\/product"}],"about":[{"href":"https:\/\/divainers.com\/pt-pt\/wp-json\/wp\/v2\/types\/product"}],"replies":[{"embeddable":true,"href":"https:\/\/divainers.com\/pt-pt\/wp-json\/wp\/v2\/comments?post=6939"}],"wp:featuredmedia":[{"embeddable":true,"href":"https:\/\/divainers.com\/pt-pt\/wp-json\/wp\/v2\/media\/6854"}],"wp:attachment":[{"href":"https:\/\/divainers.com\/pt-pt\/wp-json\/wp\/v2\/media?parent=6939"}],"wp:term":[{"taxonomy":"product_brand","embeddable":true,"href":"https:\/\/divainers.com\/pt-pt\/wp-json\/wp\/v2\/product_brand?post=6939"},{"taxonomy":"product_cat","embeddable":true,"href":"https:\/\/divainers.com\/pt-pt\/wp-json\/wp\/v2\/product_cat?post=6939"},{"taxonomy":"product_tag","embeddable":true,"href":"https:\/\/divainers.com\/pt-pt\/wp-json\/wp\/v2\/product_tag?post=6939"}],"curies":[{"name":"wp","href":"https:\/\/api.w.org\/{rel}","templated":true}]}}