{"id":7041,"date":"2025-01-31T08:31:48","date_gmt":"2025-01-31T07:31:48","guid":{"rendered":"https:\/\/divainers.com\/producto\/divain-320\/"},"modified":"2026-04-30T09:43:06","modified_gmt":"2026-04-30T07:43:06","slug":"divain-320","status":"publish","type":"product","link":"https:\/\/divainers.com\/pt-pt\/producto\/divain-320\/","title":{"rendered":"divain.320"},"content":{"rendered":"<p>Uma fragr\u00e2ncia vibrante e masculina com uma abertura fresca e frutada gra\u00e7as \u00e0 bergamota e \u00e0 ma\u00e7\u00e3 verde, combinadas com um toque picante de cardamomo. No cora\u00e7\u00e3o, notas arom\u00e1ticas de lavanda e alecrim conferem um car\u00e1ter limpo e moderno, enquanto a base se torna mais quente e envolvente com \u00e2mbar, fava tonka e madeiras profundas, criando um aroma equilibrado entre frescura e sensualidade, ideal para o dia a dia.<\/p>\n","protected":false},"excerpt":{"rendered":"<p>Lembra First Instinct Blue de Abercrombie &#038; Fitch<\/p>\n","protected":false},"featured_media":7043,"comment_status":"open","ping_status":"closed","template":"","meta":[],"product_brand":[],"product_cat":[1328],"product_tag":[1371],"class_list":{"0":"post-7041","1":"product","2":"type-product","3":"status-publish","4":"has-post-thumbnail","6":"product_cat-abercrombie-fitch","7":"product_tag-homens","9":"first","10":"instock","11":"shipping-taxable","12":"product-type-simple"},"_links":{"self":[{"href":"https:\/\/divainers.com\/pt-pt\/wp-json\/wp\/v2\/product\/7041","targetHints":{"allow":["GET"]}}],"collection":[{"href":"https:\/\/divainers.com\/pt-pt\/wp-json\/wp\/v2\/product"}],"about":[{"href":"https:\/\/divainers.com\/pt-pt\/wp-json\/wp\/v2\/types\/product"}],"replies":[{"embeddable":true,"href":"https:\/\/divainers.com\/pt-pt\/wp-json\/wp\/v2\/comments?post=7041"}],"wp:featuredmedia":[{"embeddable":true,"href":"https:\/\/divainers.com\/pt-pt\/wp-json\/wp\/v2\/media\/7043"}],"wp:attachment":[{"href":"https:\/\/divainers.com\/pt-pt\/wp-json\/wp\/v2\/media?parent=7041"}],"wp:term":[{"taxonomy":"product_brand","embeddable":true,"href":"https:\/\/divainers.com\/pt-pt\/wp-json\/wp\/v2\/product_brand?post=7041"},{"taxonomy":"product_cat","embeddable":true,"href":"https:\/\/divainers.com\/pt-pt\/wp-json\/wp\/v2\/product_cat?post=7041"},{"taxonomy":"product_tag","embeddable":true,"href":"https:\/\/divainers.com\/pt-pt\/wp-json\/wp\/v2\/product_tag?post=7041"}],"curies":[{"name":"wp","href":"https:\/\/api.w.org\/{rel}","templated":true}]}}