{"id":709,"date":"2025-01-31T08:32:37","date_gmt":"2025-01-31T07:32:37","guid":{"rendered":"https:\/\/divainers.com\/producto\/divain-020\/"},"modified":"2026-03-16T16:07:43","modified_gmt":"2026-03-16T15:07:43","slug":"divain-020","status":"publish","type":"product","link":"https:\/\/divainers.com\/pt-pt\/producto\/divain-020\/","title":{"rendered":"divain.020"},"content":{"rendered":"<p>Un aroma fresco y vibrante que captura la esencia de la libertad y la espontaneidad. Su salida revitalizante de manzana verde, menta y pomelo despierta los sentidos con una energ\u00eda inigualable. En el coraz\u00f3n, notas arom\u00e1ticas de lavanda y salvia aportan un toque limpio y masculino. El fondo de maderas y musgo de roble refuerza su car\u00e1cter natural y moderno, dejando una estela fresca y distintiva. Perfecto para el hombre din\u00e1mico y aut\u00e9ntico que sigue su propio camino.<\/p>\n","protected":false},"excerpt":{"rendered":"<p>Recuerda a Hugo de Hugo Boss<\/p>\n","protected":false},"featured_media":3350,"comment_status":"open","ping_status":"closed","template":"","meta":[],"product_brand":[],"product_cat":[469],"product_tag":[1358],"class_list":{"0":"post-709","1":"product","2":"type-product","3":"status-publish","4":"has-post-thumbnail","6":"product_cat-hugo-boss","7":"product_tag-mannen","9":"first","10":"instock","11":"shipping-taxable","12":"product-type-simple"},"_links":{"self":[{"href":"https:\/\/divainers.com\/pt-pt\/wp-json\/wp\/v2\/product\/709","targetHints":{"allow":["GET"]}}],"collection":[{"href":"https:\/\/divainers.com\/pt-pt\/wp-json\/wp\/v2\/product"}],"about":[{"href":"https:\/\/divainers.com\/pt-pt\/wp-json\/wp\/v2\/types\/product"}],"replies":[{"embeddable":true,"href":"https:\/\/divainers.com\/pt-pt\/wp-json\/wp\/v2\/comments?post=709"}],"wp:featuredmedia":[{"embeddable":true,"href":"https:\/\/divainers.com\/pt-pt\/wp-json\/wp\/v2\/media\/3350"}],"wp:attachment":[{"href":"https:\/\/divainers.com\/pt-pt\/wp-json\/wp\/v2\/media?parent=709"}],"wp:term":[{"taxonomy":"product_brand","embeddable":true,"href":"https:\/\/divainers.com\/pt-pt\/wp-json\/wp\/v2\/product_brand?post=709"},{"taxonomy":"product_cat","embeddable":true,"href":"https:\/\/divainers.com\/pt-pt\/wp-json\/wp\/v2\/product_cat?post=709"},{"taxonomy":"product_tag","embeddable":true,"href":"https:\/\/divainers.com\/pt-pt\/wp-json\/wp\/v2\/product_tag?post=709"}],"curies":[{"name":"wp","href":"https:\/\/api.w.org\/{rel}","templated":true}]}}