{"id":721,"date":"2025-01-31T08:32:38","date_gmt":"2025-01-31T07:32:38","guid":{"rendered":"https:\/\/divainers.com\/producto\/divain-272\/"},"modified":"2026-04-30T15:59:51","modified_gmt":"2026-04-30T13:59:51","slug":"divain-272","status":"publish","type":"product","link":"https:\/\/divainers.com\/pt-pt\/producto\/divain-272\/","title":{"rendered":"divain.272"},"content":{"rendered":"<p>Svje\u017ei i vibrantni mu\u0161ki miris koji prenosi energiju i dinamiku. S po\u010detnim notama naran\u010de i bergamota, kombinira se s laganim cvjetnim notama jasmina i cimeta u srcu. Njegova baza je topla i sofisticirana, s notama sandalovine, jantara i mo\u0161usa, stvaraju\u0107i ravnote\u017eu izme\u0111u svje\u017eine i topline. Savr\u0161en miris za aktivne i moderne mu\u0161karce, idealan za svakodnevnu upotrebu ili neformalne prilike.<\/p>\n","protected":false},"excerpt":{"rendered":"<p>Podsje\u0107a na In Motion od Hugo Boss<\/p>\n","protected":false},"featured_media":15320,"comment_status":"open","ping_status":"closed","template":"","meta":[],"product_brand":[],"product_cat":[469],"product_tag":[25],"class_list":{"0":"post-721","1":"product","2":"type-product","3":"status-publish","4":"has-post-thumbnail","6":"product_cat-hugo-boss","7":"product_tag-hombre","9":"first","10":"instock","11":"shipping-taxable","12":"product-type-simple"},"_links":{"self":[{"href":"https:\/\/divainers.com\/pt-pt\/wp-json\/wp\/v2\/product\/721","targetHints":{"allow":["GET"]}}],"collection":[{"href":"https:\/\/divainers.com\/pt-pt\/wp-json\/wp\/v2\/product"}],"about":[{"href":"https:\/\/divainers.com\/pt-pt\/wp-json\/wp\/v2\/types\/product"}],"replies":[{"embeddable":true,"href":"https:\/\/divainers.com\/pt-pt\/wp-json\/wp\/v2\/comments?post=721"}],"wp:featuredmedia":[{"embeddable":true,"href":"https:\/\/divainers.com\/pt-pt\/wp-json\/wp\/v2\/media\/15320"}],"wp:attachment":[{"href":"https:\/\/divainers.com\/pt-pt\/wp-json\/wp\/v2\/media?parent=721"}],"wp:term":[{"taxonomy":"product_brand","embeddable":true,"href":"https:\/\/divainers.com\/pt-pt\/wp-json\/wp\/v2\/product_brand?post=721"},{"taxonomy":"product_cat","embeddable":true,"href":"https:\/\/divainers.com\/pt-pt\/wp-json\/wp\/v2\/product_cat?post=721"},{"taxonomy":"product_tag","embeddable":true,"href":"https:\/\/divainers.com\/pt-pt\/wp-json\/wp\/v2\/product_tag?post=721"}],"curies":[{"name":"wp","href":"https:\/\/api.w.org\/{rel}","templated":true}]}}