{"id":7331,"date":"2025-01-31T08:31:50","date_gmt":"2025-01-31T07:31:50","guid":{"rendered":"https:\/\/divainers.com\/producto\/divain-086\/"},"modified":"2026-04-30T09:44:42","modified_gmt":"2026-04-30T07:44:42","slug":"divain-086","status":"publish","type":"product","link":"https:\/\/divainers.com\/pt-pt\/producto\/divain-086\/","title":{"rendered":"divain.086"},"content":{"rendered":"<p>Uma fragr\u00e2ncia delicada e intemporal que captura a frescura e a eleg\u00e2ncia natural das rosas na sua m\u00e1xima express\u00e3o. A sua abertura luminosa de citrinos e folhas verdes proporciona uma sensa\u00e7\u00e3o revitalizante e leve. No cora\u00e7\u00e3o, a rosa da Bulg\u00e1ria e o l\u00edrio-do-vale envolvem a fragr\u00e2ncia numa feminilidade pura e sofisticada. Na base, o alm\u00edscar e o s\u00e2ndalo criam um rasto suave e envolvente, perfeito para a mulher rom\u00e2ntica, serena e com um encanto natural que deixa marca.<\/p>\n","protected":false},"excerpt":{"rendered":"<p>Lembra Agua fresca de rosas de Adolfo Dominguez<\/p>\n","protected":false},"featured_media":7333,"comment_status":"open","ping_status":"closed","template":"","meta":[],"product_brand":[],"product_cat":[1438],"product_tag":[1440],"class_list":{"0":"post-7331","1":"product","2":"type-product","3":"status-publish","4":"has-post-thumbnail","6":"product_cat-adolfo-dominguez","7":"product_tag-mulheres","9":"first","10":"instock","11":"shipping-taxable","12":"product-type-simple"},"_links":{"self":[{"href":"https:\/\/divainers.com\/pt-pt\/wp-json\/wp\/v2\/product\/7331","targetHints":{"allow":["GET"]}}],"collection":[{"href":"https:\/\/divainers.com\/pt-pt\/wp-json\/wp\/v2\/product"}],"about":[{"href":"https:\/\/divainers.com\/pt-pt\/wp-json\/wp\/v2\/types\/product"}],"replies":[{"embeddable":true,"href":"https:\/\/divainers.com\/pt-pt\/wp-json\/wp\/v2\/comments?post=7331"}],"wp:featuredmedia":[{"embeddable":true,"href":"https:\/\/divainers.com\/pt-pt\/wp-json\/wp\/v2\/media\/7333"}],"wp:attachment":[{"href":"https:\/\/divainers.com\/pt-pt\/wp-json\/wp\/v2\/media?parent=7331"}],"wp:term":[{"taxonomy":"product_brand","embeddable":true,"href":"https:\/\/divainers.com\/pt-pt\/wp-json\/wp\/v2\/product_brand?post=7331"},{"taxonomy":"product_cat","embeddable":true,"href":"https:\/\/divainers.com\/pt-pt\/wp-json\/wp\/v2\/product_cat?post=7331"},{"taxonomy":"product_tag","embeddable":true,"href":"https:\/\/divainers.com\/pt-pt\/wp-json\/wp\/v2\/product_tag?post=7331"}],"curies":[{"name":"wp","href":"https:\/\/api.w.org\/{rel}","templated":true}]}}