{"id":7351,"date":"2025-01-31T08:31:50","date_gmt":"2025-01-31T07:31:50","guid":{"rendered":"https:\/\/divainers.com\/producto\/divain-049\/"},"modified":"2026-04-30T09:44:50","modified_gmt":"2026-04-30T07:44:50","slug":"divain-049","status":"publish","type":"product","link":"https:\/\/divainers.com\/pt-pt\/producto\/divain-049\/","title":{"rendered":"divain.049"},"content":{"rendered":"<p>Uma fragr\u00e2ncia fresca e natural que evoca a serenidade e o equil\u00edbrio da natureza. A sua abertura vibrante de citrinos e notas verdes transmite uma sensa\u00e7\u00e3o leve e revitalizante, enquanto um cora\u00e7\u00e3o arom\u00e1tico de bambu e especiarias suaves acrescenta um toque ex\u00f3tico e sofisticado. Na base, o cedro, o \u00e2mbar e o alm\u00edscar criam uma trilha quente e envolvente, perfeita para o homem que procura frescura, eleg\u00e2ncia e harmonia no seu dia a dia.<\/p>\n","protected":false},"excerpt":{"rendered":"<p>Lembra Bamb\u00fa de Adolfo Dominguez<\/p>\n","protected":false},"featured_media":7352,"comment_status":"open","ping_status":"closed","template":"","meta":[],"product_brand":[],"product_cat":[1438],"product_tag":[1371],"class_list":{"0":"post-7351","1":"product","2":"type-product","3":"status-publish","4":"has-post-thumbnail","6":"product_cat-adolfo-dominguez","7":"product_tag-homens","9":"first","10":"instock","11":"shipping-taxable","12":"product-type-simple"},"_links":{"self":[{"href":"https:\/\/divainers.com\/pt-pt\/wp-json\/wp\/v2\/product\/7351","targetHints":{"allow":["GET"]}}],"collection":[{"href":"https:\/\/divainers.com\/pt-pt\/wp-json\/wp\/v2\/product"}],"about":[{"href":"https:\/\/divainers.com\/pt-pt\/wp-json\/wp\/v2\/types\/product"}],"replies":[{"embeddable":true,"href":"https:\/\/divainers.com\/pt-pt\/wp-json\/wp\/v2\/comments?post=7351"}],"wp:featuredmedia":[{"embeddable":true,"href":"https:\/\/divainers.com\/pt-pt\/wp-json\/wp\/v2\/media\/7352"}],"wp:attachment":[{"href":"https:\/\/divainers.com\/pt-pt\/wp-json\/wp\/v2\/media?parent=7351"}],"wp:term":[{"taxonomy":"product_brand","embeddable":true,"href":"https:\/\/divainers.com\/pt-pt\/wp-json\/wp\/v2\/product_brand?post=7351"},{"taxonomy":"product_cat","embeddable":true,"href":"https:\/\/divainers.com\/pt-pt\/wp-json\/wp\/v2\/product_cat?post=7351"},{"taxonomy":"product_tag","embeddable":true,"href":"https:\/\/divainers.com\/pt-pt\/wp-json\/wp\/v2\/product_tag?post=7351"}],"curies":[{"name":"wp","href":"https:\/\/api.w.org\/{rel}","templated":true}]}}