{"id":774,"date":"2025-01-31T08:32:44","date_gmt":"2025-01-31T07:32:44","guid":{"rendered":"https:\/\/divainers.com\/producto\/divain-714\/"},"modified":"2026-03-16T16:07:50","modified_gmt":"2026-03-16T15:07:50","slug":"divain-714","status":"publish","type":"product","link":"https:\/\/divainers.com\/pt-pt\/producto\/divain-714\/","title":{"rendered":"divain.714"},"content":{"rendered":"<p>Es una fragancia fresca y vibrante que captura la esencia de la flor de hibisco amarillo. Abre con una mezcla refrescante de notas c\u00edtricas y florales, destacando el hibisco amarillo con un toque ligero de frutas tropicales y un toque de frescura verde. El coraz\u00f3n floral se mezcla con notas suaves y luminosas, mientras que en la base, un sutil toque de almizcle y maderas proporciona una sensaci\u00f3n de profundidad sin perder su ligereza. Es una fragancia perfecta para el d\u00eda, con una energ\u00eda alegre y refrescante que evoca la calidez y la belleza de un jard\u00edn tropical.<\/p>\n","protected":false},"excerpt":{"rendered":"<p>Recuerda a Yellow Hibiscus EDC de Jo Malone<\/p>\n","protected":false},"featured_media":3071,"comment_status":"open","ping_status":"closed","template":"","meta":[],"product_brand":[],"product_cat":[520],"product_tag":[1386],"class_list":{"0":"post-774","1":"product","2":"type-product","3":"status-publish","4":"has-post-thumbnail","6":"product_cat-jo-malone","7":"product_tag-unissex","9":"first","10":"instock","11":"shipping-taxable","12":"product-type-simple"},"_links":{"self":[{"href":"https:\/\/divainers.com\/pt-pt\/wp-json\/wp\/v2\/product\/774","targetHints":{"allow":["GET"]}}],"collection":[{"href":"https:\/\/divainers.com\/pt-pt\/wp-json\/wp\/v2\/product"}],"about":[{"href":"https:\/\/divainers.com\/pt-pt\/wp-json\/wp\/v2\/types\/product"}],"replies":[{"embeddable":true,"href":"https:\/\/divainers.com\/pt-pt\/wp-json\/wp\/v2\/comments?post=774"}],"wp:featuredmedia":[{"embeddable":true,"href":"https:\/\/divainers.com\/pt-pt\/wp-json\/wp\/v2\/media\/3071"}],"wp:attachment":[{"href":"https:\/\/divainers.com\/pt-pt\/wp-json\/wp\/v2\/media?parent=774"}],"wp:term":[{"taxonomy":"product_brand","embeddable":true,"href":"https:\/\/divainers.com\/pt-pt\/wp-json\/wp\/v2\/product_brand?post=774"},{"taxonomy":"product_cat","embeddable":true,"href":"https:\/\/divainers.com\/pt-pt\/wp-json\/wp\/v2\/product_cat?post=774"},{"taxonomy":"product_tag","embeddable":true,"href":"https:\/\/divainers.com\/pt-pt\/wp-json\/wp\/v2\/product_tag?post=774"}],"curies":[{"name":"wp","href":"https:\/\/api.w.org\/{rel}","templated":true}]}}