{"id":8112,"date":"2025-01-31T08:31:53","date_gmt":"2025-01-31T07:31:53","guid":{"rendered":"https:\/\/divainers.com\/producto\/divain-715\/"},"modified":"2026-04-30T09:49:35","modified_gmt":"2026-04-30T07:49:35","slug":"divain-715","status":"publish","type":"product","link":"https:\/\/divainers.com\/pt-pt\/producto\/divain-715\/","title":{"rendered":"divain.715"},"content":{"rendered":"<p>\u00c9 uma fragr\u00e2ncia floral fresca e moderna, caracterizada pelo contraste entre notas verdes e florais. A abertura \u00e9 fresca e leve com um toque de menta, que se funde com a rosa e o cravo no cora\u00e7\u00e3o, criando uma sensa\u00e7\u00e3o de flor do campo fresca e envolvente. \u00c0 medida que se desenvolve, as notas de \u00e2mbar e vetiver na base trazem uma profundidade terrosa e sofisticada, equilibrando a frescura das flores. \u00c9 uma fragr\u00e2ncia elegante e contempor\u00e2nea, ideal para quem procura algo feminino, mas com um toque de aud\u00e1cia e modernidade.<\/p>\n","protected":false},"excerpt":{"rendered":"<p>Lembra Florabotanica da Balenciaga<\/p>\n","protected":false},"featured_media":8110,"comment_status":"open","ping_status":"closed","template":"","meta":[],"product_brand":[],"product_cat":[1712],"product_tag":[1428],"class_list":{"0":"post-8112","1":"product","2":"type-product","3":"status-publish","4":"has-post-thumbnail","6":"product_cat-balenciaga","7":"product_tag-naiset","9":"first","10":"instock","11":"shipping-taxable","12":"product-type-simple"},"_links":{"self":[{"href":"https:\/\/divainers.com\/pt-pt\/wp-json\/wp\/v2\/product\/8112","targetHints":{"allow":["GET"]}}],"collection":[{"href":"https:\/\/divainers.com\/pt-pt\/wp-json\/wp\/v2\/product"}],"about":[{"href":"https:\/\/divainers.com\/pt-pt\/wp-json\/wp\/v2\/types\/product"}],"replies":[{"embeddable":true,"href":"https:\/\/divainers.com\/pt-pt\/wp-json\/wp\/v2\/comments?post=8112"}],"wp:featuredmedia":[{"embeddable":true,"href":"https:\/\/divainers.com\/pt-pt\/wp-json\/wp\/v2\/media\/8110"}],"wp:attachment":[{"href":"https:\/\/divainers.com\/pt-pt\/wp-json\/wp\/v2\/media?parent=8112"}],"wp:term":[{"taxonomy":"product_brand","embeddable":true,"href":"https:\/\/divainers.com\/pt-pt\/wp-json\/wp\/v2\/product_brand?post=8112"},{"taxonomy":"product_cat","embeddable":true,"href":"https:\/\/divainers.com\/pt-pt\/wp-json\/wp\/v2\/product_cat?post=8112"},{"taxonomy":"product_tag","embeddable":true,"href":"https:\/\/divainers.com\/pt-pt\/wp-json\/wp\/v2\/product_tag?post=8112"}],"curies":[{"name":"wp","href":"https:\/\/api.w.org\/{rel}","templated":true}]}}