{"id":8199,"date":"2025-01-31T08:33:36","date_gmt":"2025-01-31T07:33:36","guid":{"rendered":"https:\/\/divainers.com\/producto\/divain-077\/"},"modified":"2026-04-30T09:49:55","modified_gmt":"2026-04-30T07:49:55","slug":"divain-077","status":"publish","type":"product","link":"https:\/\/divainers.com\/pt-pt\/producto\/divain-077\/","title":{"rendered":"divain.077"},"content":{"rendered":"<p>Uma fragr\u00e2ncia jovem e vibrante que captura a alegria e a espontaneidade em cada nota. Sua abertura cintilante de p\u00eassego, damasco e groselha preta traz uma do\u00e7ura frutada e luminosa. No cora\u00e7\u00e3o, a fr\u00e9sia, a violeta e o l\u00edrio do vale envolvem a fragr\u00e2ncia numa feminilidade suave e rom\u00e2ntica. Na base, o s\u00e2ndalo, a baunilha e o alm\u00edscar criam um rastro quente e acolhedor, perfeito para a mulher divertida, livre e com um esp\u00edrito cheio de energia.<\/p>\n","protected":false},"excerpt":{"rendered":"<p>Lembra Red Jeans da Versace<\/p>\n","protected":false},"featured_media":8195,"comment_status":"open","ping_status":"closed","template":"","meta":[],"product_brand":[],"product_cat":[1756],"product_tag":[1440],"class_list":{"0":"post-8199","1":"product","2":"type-product","3":"status-publish","4":"has-post-thumbnail","6":"product_cat-versace","7":"product_tag-mulheres","9":"first","10":"instock","11":"shipping-taxable","12":"product-type-simple"},"_links":{"self":[{"href":"https:\/\/divainers.com\/pt-pt\/wp-json\/wp\/v2\/product\/8199","targetHints":{"allow":["GET"]}}],"collection":[{"href":"https:\/\/divainers.com\/pt-pt\/wp-json\/wp\/v2\/product"}],"about":[{"href":"https:\/\/divainers.com\/pt-pt\/wp-json\/wp\/v2\/types\/product"}],"replies":[{"embeddable":true,"href":"https:\/\/divainers.com\/pt-pt\/wp-json\/wp\/v2\/comments?post=8199"}],"wp:featuredmedia":[{"embeddable":true,"href":"https:\/\/divainers.com\/pt-pt\/wp-json\/wp\/v2\/media\/8195"}],"wp:attachment":[{"href":"https:\/\/divainers.com\/pt-pt\/wp-json\/wp\/v2\/media?parent=8199"}],"wp:term":[{"taxonomy":"product_brand","embeddable":true,"href":"https:\/\/divainers.com\/pt-pt\/wp-json\/wp\/v2\/product_brand?post=8199"},{"taxonomy":"product_cat","embeddable":true,"href":"https:\/\/divainers.com\/pt-pt\/wp-json\/wp\/v2\/product_cat?post=8199"},{"taxonomy":"product_tag","embeddable":true,"href":"https:\/\/divainers.com\/pt-pt\/wp-json\/wp\/v2\/product_tag?post=8199"}],"curies":[{"name":"wp","href":"https:\/\/api.w.org\/{rel}","templated":true}]}}