{"id":823,"date":"2025-01-31T08:32:49","date_gmt":"2025-01-31T07:32:49","guid":{"rendered":"https:\/\/divainers.com\/producto\/divain-082\/"},"modified":"2026-03-16T16:07:54","modified_gmt":"2026-03-16T15:07:54","slug":"divain-082","status":"publish","type":"product","link":"https:\/\/divainers.com\/pt-pt\/producto\/divain-082\/","title":{"rendered":"divain.082"},"content":{"rendered":"<p>Un aroma rom\u00e1ntico y atemporal que envuelve los sentidos con su elegancia y calidez inconfundibles. Su apertura luminosa de durazno, albaricoque y rosa aporta una dulzura afrutada y delicada. En el coraz\u00f3n, la combinaci\u00f3n de lirio de los valles, heliotropo e iris envuelve la fragancia en una feminidad suave y aterciopelada. En el fondo, la vainilla, el s\u00e1ndalo y el \u00e1mbar crean una estela c\u00e1lida y envolvente, perfecta para la mujer sofisticada, apasionada y con un encanto eterno.<\/p>\n","protected":false},"excerpt":{"rendered":"<p>Recuerda a Tr\u00e9sor EDP de Lanc\u00f4me<\/p>\n","protected":false},"featured_media":3597,"comment_status":"open","ping_status":"closed","template":"","meta":[],"product_brand":[],"product_cat":[596],"product_tag":[1424],"class_list":{"0":"post-823","1":"product","2":"type-product","3":"status-publish","4":"has-post-thumbnail","6":"product_cat-lancome","7":"product_tag-femmes","9":"first","10":"instock","11":"shipping-taxable","12":"product-type-simple"},"_links":{"self":[{"href":"https:\/\/divainers.com\/pt-pt\/wp-json\/wp\/v2\/product\/823","targetHints":{"allow":["GET"]}}],"collection":[{"href":"https:\/\/divainers.com\/pt-pt\/wp-json\/wp\/v2\/product"}],"about":[{"href":"https:\/\/divainers.com\/pt-pt\/wp-json\/wp\/v2\/types\/product"}],"replies":[{"embeddable":true,"href":"https:\/\/divainers.com\/pt-pt\/wp-json\/wp\/v2\/comments?post=823"}],"wp:featuredmedia":[{"embeddable":true,"href":"https:\/\/divainers.com\/pt-pt\/wp-json\/wp\/v2\/media\/3597"}],"wp:attachment":[{"href":"https:\/\/divainers.com\/pt-pt\/wp-json\/wp\/v2\/media?parent=823"}],"wp:term":[{"taxonomy":"product_brand","embeddable":true,"href":"https:\/\/divainers.com\/pt-pt\/wp-json\/wp\/v2\/product_brand?post=823"},{"taxonomy":"product_cat","embeddable":true,"href":"https:\/\/divainers.com\/pt-pt\/wp-json\/wp\/v2\/product_cat?post=823"},{"taxonomy":"product_tag","embeddable":true,"href":"https:\/\/divainers.com\/pt-pt\/wp-json\/wp\/v2\/product_tag?post=823"}],"curies":[{"name":"wp","href":"https:\/\/api.w.org\/{rel}","templated":true}]}}