{"id":8408,"date":"2025-01-31T08:31:53","date_gmt":"2025-01-31T07:31:53","guid":{"rendered":"https:\/\/divainers.com\/producto\/divain-823\/"},"modified":"2026-04-30T09:51:01","modified_gmt":"2026-04-30T07:51:01","slug":"divain-823","status":"publish","type":"product","link":"https:\/\/divainers.com\/pt-pt\/producto\/divain-823\/","title":{"rendered":"divain.823"},"content":{"rendered":"<p>Esta fragr\u00e2ncia unissexo destaca-se pelo seu aroma floral chipre, onde notas de pimenta rosa e bergamota d\u00e3o lugar a um cora\u00e7\u00e3o de jasmim Sambac. Na base, couro, musgo de carvalho e patchouli conferem profundidade e sofistica\u00e7\u00e3o. Ideal para quem procura uma ess\u00eancia que combine eleg\u00e2ncia e sensualidade em qualquer ocasi\u00e3o.<\/p>\n","protected":false},"excerpt":{"rendered":"<p>Lembra Bottega Veneta de Bottega Veneta<\/p>\n","protected":false},"featured_media":8404,"comment_status":"open","ping_status":"closed","template":"","meta":[],"product_brand":[],"product_cat":[1860],"product_tag":[1440],"class_list":{"0":"post-8408","1":"product","2":"type-product","3":"status-publish","4":"has-post-thumbnail","6":"product_cat-bottega-veneta","7":"product_tag-mulheres","9":"first","10":"instock","11":"shipping-taxable","12":"product-type-simple"},"_links":{"self":[{"href":"https:\/\/divainers.com\/pt-pt\/wp-json\/wp\/v2\/product\/8408","targetHints":{"allow":["GET"]}}],"collection":[{"href":"https:\/\/divainers.com\/pt-pt\/wp-json\/wp\/v2\/product"}],"about":[{"href":"https:\/\/divainers.com\/pt-pt\/wp-json\/wp\/v2\/types\/product"}],"replies":[{"embeddable":true,"href":"https:\/\/divainers.com\/pt-pt\/wp-json\/wp\/v2\/comments?post=8408"}],"wp:featuredmedia":[{"embeddable":true,"href":"https:\/\/divainers.com\/pt-pt\/wp-json\/wp\/v2\/media\/8404"}],"wp:attachment":[{"href":"https:\/\/divainers.com\/pt-pt\/wp-json\/wp\/v2\/media?parent=8408"}],"wp:term":[{"taxonomy":"product_brand","embeddable":true,"href":"https:\/\/divainers.com\/pt-pt\/wp-json\/wp\/v2\/product_brand?post=8408"},{"taxonomy":"product_cat","embeddable":true,"href":"https:\/\/divainers.com\/pt-pt\/wp-json\/wp\/v2\/product_cat?post=8408"},{"taxonomy":"product_tag","embeddable":true,"href":"https:\/\/divainers.com\/pt-pt\/wp-json\/wp\/v2\/product_tag?post=8408"}],"curies":[{"name":"wp","href":"https:\/\/api.w.org\/{rel}","templated":true}]}}