{"id":8658,"date":"2025-01-31T08:33:38","date_gmt":"2025-01-31T07:33:38","guid":{"rendered":"https:\/\/divainers.com\/producto\/divain-659\/"},"modified":"2026-04-30T09:52:23","modified_gmt":"2026-04-30T07:52:23","slug":"divain-659","status":"publish","type":"product","link":"https:\/\/divainers.com\/pt-pt\/producto\/divain-659\/","title":{"rendered":"divain.659"},"content":{"rendered":"<p>Uma fragr\u00e2ncia que transborda sensualidade e mist\u00e9rio, perfeita para a mulher que deseja cativar com uma trilha \u00fanica. Come\u00e7a com uma mistura frutada e suculenta, onde as notas de ameixa e framboesa adicionam uma frescura adocicada, acompanhada de um toque floral delicado. O cora\u00e7\u00e3o enche-se com um acorde subtil de flores ex\u00f3ticas, como o jasmim, que aporta uma sensualidade feminina e envolvente. Finalmente, as notas de fundo de s\u00e2ndalo e alm\u00edscar criam uma base quente e terrosa, deixando uma sensa\u00e7\u00e3o de suavidade e profundidade que perdura.<\/p>\n","protected":false},"excerpt":{"rendered":"<p>Lembra Forbidden da Victoria&#8217;s Secret<\/p>\n","protected":false},"featured_media":8656,"comment_status":"open","ping_status":"closed","template":"","meta":[],"product_brand":[],"product_cat":[1983],"product_tag":[1440],"class_list":{"0":"post-8658","1":"product","2":"type-product","3":"status-publish","4":"has-post-thumbnail","6":"product_cat-victorias-secret","7":"product_tag-mulheres","9":"first","10":"instock","11":"shipping-taxable","12":"product-type-simple"},"_links":{"self":[{"href":"https:\/\/divainers.com\/pt-pt\/wp-json\/wp\/v2\/product\/8658","targetHints":{"allow":["GET"]}}],"collection":[{"href":"https:\/\/divainers.com\/pt-pt\/wp-json\/wp\/v2\/product"}],"about":[{"href":"https:\/\/divainers.com\/pt-pt\/wp-json\/wp\/v2\/types\/product"}],"replies":[{"embeddable":true,"href":"https:\/\/divainers.com\/pt-pt\/wp-json\/wp\/v2\/comments?post=8658"}],"wp:featuredmedia":[{"embeddable":true,"href":"https:\/\/divainers.com\/pt-pt\/wp-json\/wp\/v2\/media\/8656"}],"wp:attachment":[{"href":"https:\/\/divainers.com\/pt-pt\/wp-json\/wp\/v2\/media?parent=8658"}],"wp:term":[{"taxonomy":"product_brand","embeddable":true,"href":"https:\/\/divainers.com\/pt-pt\/wp-json\/wp\/v2\/product_brand?post=8658"},{"taxonomy":"product_cat","embeddable":true,"href":"https:\/\/divainers.com\/pt-pt\/wp-json\/wp\/v2\/product_cat?post=8658"},{"taxonomy":"product_tag","embeddable":true,"href":"https:\/\/divainers.com\/pt-pt\/wp-json\/wp\/v2\/product_tag?post=8658"}],"curies":[{"name":"wp","href":"https:\/\/api.w.org\/{rel}","templated":true}]}}