{"id":965,"date":"2025-01-31T08:33:09","date_gmt":"2025-01-31T07:33:09","guid":{"rendered":"https:\/\/divainers.com\/producto\/divain-772\/"},"modified":"2026-03-16T16:08:09","modified_gmt":"2026-03-16T15:08:09","slug":"divain-772","status":"publish","type":"product","link":"https:\/\/divainers.com\/pt-pt\/producto\/divain-772\/","title":{"rendered":"divain.772"},"content":{"rendered":"<p><span class=\"relative -mx-px my-[-0.2rem] rounded px-px py-[0.2rem]\">Esta fragancia luminosa y adictiva se inicia con una apertura radiante de bergamota que ilumina los suaves p\u00e9talos de rosa, jazm\u00edn y flor de azahar.<\/span> <span class=\"relative -mx-px my-[-0.2rem] rounded px-px py-[0.2rem]\">En su coraz\u00f3n, el emblem\u00e1tico almizcle de Narciso Rodr\u00edguez se combina con notas amaderadas de cedro y cashmer\u00e1n, aportando una sensualidad profunda y una estela misteriosa.<\/span> <span class=\"relative -mx-px my-[-0.2rem] rounded px-px py-[0.2rem]\">La composici\u00f3n equilibra perfectamente ligereza e intensidad, reflejando la luz interior de la mujer moderna.<\/span><\/p>\n","protected":false},"excerpt":{"rendered":"<p>Recuerda a Narciso EDP Cristal de Narciso Rodriguez<\/p>\n","protected":false},"featured_media":3289,"comment_status":"open","ping_status":"closed","template":"","meta":[],"product_brand":[],"product_cat":[749],"product_tag":[1440],"class_list":{"0":"post-965","1":"product","2":"type-product","3":"status-publish","4":"has-post-thumbnail","6":"product_cat-narciso-rodriguez","7":"product_tag-mulheres","9":"first","10":"instock","11":"shipping-taxable","12":"product-type-simple"},"_links":{"self":[{"href":"https:\/\/divainers.com\/pt-pt\/wp-json\/wp\/v2\/product\/965","targetHints":{"allow":["GET"]}}],"collection":[{"href":"https:\/\/divainers.com\/pt-pt\/wp-json\/wp\/v2\/product"}],"about":[{"href":"https:\/\/divainers.com\/pt-pt\/wp-json\/wp\/v2\/types\/product"}],"replies":[{"embeddable":true,"href":"https:\/\/divainers.com\/pt-pt\/wp-json\/wp\/v2\/comments?post=965"}],"wp:featuredmedia":[{"embeddable":true,"href":"https:\/\/divainers.com\/pt-pt\/wp-json\/wp\/v2\/media\/3289"}],"wp:attachment":[{"href":"https:\/\/divainers.com\/pt-pt\/wp-json\/wp\/v2\/media?parent=965"}],"wp:term":[{"taxonomy":"product_brand","embeddable":true,"href":"https:\/\/divainers.com\/pt-pt\/wp-json\/wp\/v2\/product_brand?post=965"},{"taxonomy":"product_cat","embeddable":true,"href":"https:\/\/divainers.com\/pt-pt\/wp-json\/wp\/v2\/product_cat?post=965"},{"taxonomy":"product_tag","embeddable":true,"href":"https:\/\/divainers.com\/pt-pt\/wp-json\/wp\/v2\/product_tag?post=965"}],"curies":[{"name":"wp","href":"https:\/\/api.w.org\/{rel}","templated":true}]}}