{"id":10720,"date":"2025-01-31T08:32:35","date_gmt":"2025-01-31T07:32:35","guid":{"rendered":"https:\/\/divainers.com\/producto\/divain-383\/"},"modified":"2026-04-30T10:46:54","modified_gmt":"2026-04-30T08:46:54","slug":"divain-383","status":"publish","type":"product","link":"https:\/\/divainers.com\/ro\/producto\/divain-383\/","title":{"rendered":"divain.383"},"content":{"rendered":"<p>O combina\u021bie \u00eendr\u0103znea\u021b\u0103 \u0219i seduc\u0103toare \u00een care lavanda aromatic\u0103 se \u00eembin\u0103 cu note lemnoase \u0219i un fond condimentat. Caracterul s\u0103u profund \u0219i u\u0219or dulce \u00eei confer\u0103 un aer modern f\u0103r\u0103 a-\u0219i pierde esen\u021ba clasic\u0103 \u0219i masculin\u0103.<\/p>\n","protected":false},"excerpt":{"rendered":"<p>Aduce aminte de Drakkar Intense de Guy Laroche<\/p>\n","protected":false},"featured_media":10713,"comment_status":"open","ping_status":"closed","template":"","meta":[],"product_brand":[],"product_cat":[2934],"product_tag":[1369],"class_list":{"0":"post-10720","1":"product","2":"type-product","3":"status-publish","4":"has-post-thumbnail","6":"product_cat-guy-laroche","7":"product_tag-barbati","9":"first","10":"instock","11":"shipping-taxable","12":"product-type-simple"},"_links":{"self":[{"href":"https:\/\/divainers.com\/ro\/wp-json\/wp\/v2\/product\/10720","targetHints":{"allow":["GET"]}}],"collection":[{"href":"https:\/\/divainers.com\/ro\/wp-json\/wp\/v2\/product"}],"about":[{"href":"https:\/\/divainers.com\/ro\/wp-json\/wp\/v2\/types\/product"}],"replies":[{"embeddable":true,"href":"https:\/\/divainers.com\/ro\/wp-json\/wp\/v2\/comments?post=10720"}],"wp:featuredmedia":[{"embeddable":true,"href":"https:\/\/divainers.com\/ro\/wp-json\/wp\/v2\/media\/10713"}],"wp:attachment":[{"href":"https:\/\/divainers.com\/ro\/wp-json\/wp\/v2\/media?parent=10720"}],"wp:term":[{"taxonomy":"product_brand","embeddable":true,"href":"https:\/\/divainers.com\/ro\/wp-json\/wp\/v2\/product_brand?post=10720"},{"taxonomy":"product_cat","embeddable":true,"href":"https:\/\/divainers.com\/ro\/wp-json\/wp\/v2\/product_cat?post=10720"},{"taxonomy":"product_tag","embeddable":true,"href":"https:\/\/divainers.com\/ro\/wp-json\/wp\/v2\/product_tag?post=10720"}],"curies":[{"name":"wp","href":"https:\/\/api.w.org\/{rel}","templated":true}]}}