{"id":1113,"date":"2025-01-31T08:33:27","date_gmt":"2025-01-31T07:33:27","guid":{"rendered":"https:\/\/divainers.com\/producto\/divain-238\/"},"modified":"2026-04-30T15:59:11","modified_gmt":"2026-04-30T13:59:11","slug":"divain-238","status":"publish","type":"product","link":"https:\/\/divainers.com\/ro\/producto\/divain-238\/","title":{"rendered":"divain.238"},"content":{"rendered":"<p>Enigmati\u010dan i magneti\u010dan miris koji zra\u010di misterijom i snagom. Otvorenje je toplo i zavodljivo, s cvjetnim akordom jasmina sambaca koji se spaja s blagim za\u010dinskim dodirom jantara. U srcu, drvenasta meko\u0107a i slatki dodir vanilije isprepli\u0107u se, stvaraju\u0107i obavijaju\u0107i i bar\u0161unasti osje\u0107aj. Bazne note su duboke i tajanstvene, obilje\u017eene jantarom i drvenim notama koje ostavljaju dugotrajan i zavodljiv trag. Alien je miris za mu\u0161karca ili \u017eenu koji \u017eele istaknuti svoj jedinstveni, sna\u017eni i senzualni miris, idealan za posebne no\u0107i kada \u017eelite ostaviti nezaboravan dojam.<\/p>\n","protected":false},"excerpt":{"rendered":"<p>Podsje\u0107a na Alien od Thierry Mugler<\/p>\n","protected":false},"featured_media":15289,"comment_status":"open","ping_status":"closed","template":"","meta":[],"product_brand":[],"product_cat":[3746],"product_tag":[1364],"class_list":{"0":"post-1113","1":"product","2":"type-product","3":"status-publish","4":"has-post-thumbnail","6":"product_cat-thierry-mugler","7":"product_tag-menn","9":"first","10":"instock","11":"shipping-taxable","12":"product-type-simple"},"_links":{"self":[{"href":"https:\/\/divainers.com\/ro\/wp-json\/wp\/v2\/product\/1113","targetHints":{"allow":["GET"]}}],"collection":[{"href":"https:\/\/divainers.com\/ro\/wp-json\/wp\/v2\/product"}],"about":[{"href":"https:\/\/divainers.com\/ro\/wp-json\/wp\/v2\/types\/product"}],"replies":[{"embeddable":true,"href":"https:\/\/divainers.com\/ro\/wp-json\/wp\/v2\/comments?post=1113"}],"wp:featuredmedia":[{"embeddable":true,"href":"https:\/\/divainers.com\/ro\/wp-json\/wp\/v2\/media\/15289"}],"wp:attachment":[{"href":"https:\/\/divainers.com\/ro\/wp-json\/wp\/v2\/media?parent=1113"}],"wp:term":[{"taxonomy":"product_brand","embeddable":true,"href":"https:\/\/divainers.com\/ro\/wp-json\/wp\/v2\/product_brand?post=1113"},{"taxonomy":"product_cat","embeddable":true,"href":"https:\/\/divainers.com\/ro\/wp-json\/wp\/v2\/product_cat?post=1113"},{"taxonomy":"product_tag","embeddable":true,"href":"https:\/\/divainers.com\/ro\/wp-json\/wp\/v2\/product_tag?post=1113"}],"curies":[{"name":"wp","href":"https:\/\/api.w.org\/{rel}","templated":true}]}}