{"id":11306,"date":"2025-01-31T08:33:26","date_gmt":"2025-01-31T07:33:26","guid":{"rendered":"https:\/\/divainers.com\/producto\/divain-544\/"},"modified":"2026-04-30T10:50:10","modified_gmt":"2026-04-30T08:50:10","slug":"divain-544","status":"publish","type":"product","link":"https:\/\/divainers.com\/ro\/producto\/divain-544\/","title":{"rendered":"divain.544"},"content":{"rendered":"<p>Un parfum delicat \u0219i luminos care evoc\u0103 elegan\u021ba subtil\u0103 \u0219i prospe\u021bimea unei bijuterii pre\u021bioase. De la deschidere, un amestec de citrice proaspete \u0219i frunze verzi treze\u0219te sim\u021burile cu o senza\u021bie vibrant\u0103 \u0219i r\u0103coritoare. \u00cen inima sa, un buchet floral de trandafir, iasomie \u0219i l\u0103cr\u0103mioare aduce o feminitate fin\u0103 \u0219i rafinat\u0103, \u00een timp ce o not\u0103 de zmeur\u0103 adaug\u0103 o dulcea\u021b\u0103 u\u0219oar\u0103 \u0219i fructat\u0103. \u00cen cele din urm\u0103, o baz\u0103 de mosc, lemn de cedru \u0219i vanilie las\u0103 o urm\u0103 cald\u0103, \u00eenv\u0103luitoare \u0219i senzual\u0103. Un parfum ideal pentru cei care caut\u0103 o arom\u0103 proasp\u0103t\u0103, floral\u0103 \u0219i elegant\u0103, perfect\u0103 pentru purtarea zilnic\u0103 sau pentru ocazii speciale pline de lumin\u0103 \u0219i gra\u021bie.<\/p>\n","protected":false},"excerpt":{"rendered":"<p>Aduce aminte de Aura de Swarovski<\/p>\n","protected":false},"featured_media":11301,"comment_status":"open","ping_status":"closed","template":"","meta":[],"product_brand":[],"product_cat":[3226],"product_tag":[1450],"class_list":{"0":"post-11306","1":"product","2":"type-product","3":"status-publish","4":"has-post-thumbnail","6":"product_cat-swarovski","7":"product_tag-femei","9":"first","10":"instock","11":"shipping-taxable","12":"product-type-simple"},"_links":{"self":[{"href":"https:\/\/divainers.com\/ro\/wp-json\/wp\/v2\/product\/11306","targetHints":{"allow":["GET"]}}],"collection":[{"href":"https:\/\/divainers.com\/ro\/wp-json\/wp\/v2\/product"}],"about":[{"href":"https:\/\/divainers.com\/ro\/wp-json\/wp\/v2\/types\/product"}],"replies":[{"embeddable":true,"href":"https:\/\/divainers.com\/ro\/wp-json\/wp\/v2\/comments?post=11306"}],"wp:featuredmedia":[{"embeddable":true,"href":"https:\/\/divainers.com\/ro\/wp-json\/wp\/v2\/media\/11301"}],"wp:attachment":[{"href":"https:\/\/divainers.com\/ro\/wp-json\/wp\/v2\/media?parent=11306"}],"wp:term":[{"taxonomy":"product_brand","embeddable":true,"href":"https:\/\/divainers.com\/ro\/wp-json\/wp\/v2\/product_brand?post=11306"},{"taxonomy":"product_cat","embeddable":true,"href":"https:\/\/divainers.com\/ro\/wp-json\/wp\/v2\/product_cat?post=11306"},{"taxonomy":"product_tag","embeddable":true,"href":"https:\/\/divainers.com\/ro\/wp-json\/wp\/v2\/product_tag?post=11306"}],"curies":[{"name":"wp","href":"https:\/\/api.w.org\/{rel}","templated":true}]}}