{"id":1146,"date":"2025-01-31T08:33:31","date_gmt":"2025-01-31T07:33:31","guid":{"rendered":"https:\/\/divainers.com\/producto\/divain-637\/"},"modified":"2026-04-30T16:10:57","modified_gmt":"2026-04-30T14:10:57","slug":"divain-637","status":"publish","type":"product","link":"https:\/\/divainers.com\/ro\/producto\/divain-637\/","title":{"rendered":"divain.637"},"content":{"rendered":"<p>Slatki, senzualni i sofisticirani miris koji hvata bit isku\u0161enja i misterije. Od samog po\u010detka, so\u010dne note tre\u0161nje spajaju se s dodirom bademovog likera, stvaraju\u0107i bogat i obavijaju\u0107i ulaz koji budi neodoljivu \u017eelju. U srcu, cvjetne note ru\u017ee i jasmina isprepli\u0107u se sa slatko\u0107om tre\u0161nje, dodaju\u0107i sloj slo\u017eenosti i \u017eenstvenosti. Bazne note sandalovine, vanilije i tonke daju toplu i kremastu osnovu, ostavljaju\u0107i dubok i luksuzan trag. Idealni parfem za one koji tra\u017ee vo\u0107nu, orijentalnu i senzualnu mirisnu kombinaciju, savr\u0161en za posebne ve\u010deri ili trenutke kada \u017eelite ostaviti sladak i o\u010daravaju\u0107i dojam. Njegova mje\u0161avina so\u010dnog vo\u0107a i drvenastih nota \u010dini ga sofisticiranim i zavodljivim parfemom koji poziva na ponovno otkrivanje.<\/p>\n","protected":false},"excerpt":{"rendered":"<p>Podsje\u0107a na Lost Cherry od Tom Ford<\/p>\n","protected":false},"featured_media":15612,"comment_status":"open","ping_status":"closed","template":"","meta":[],"product_brand":[],"product_cat":[4267],"product_tag":[1410],"class_list":{"0":"post-1146","1":"product","2":"type-product","3":"status-publish","4":"has-post-thumbnail","6":"product_cat-tom-ford","7":"product_tag-uniseks","9":"first","10":"instock","11":"shipping-taxable","12":"product-type-simple"},"_links":{"self":[{"href":"https:\/\/divainers.com\/ro\/wp-json\/wp\/v2\/product\/1146","targetHints":{"allow":["GET"]}}],"collection":[{"href":"https:\/\/divainers.com\/ro\/wp-json\/wp\/v2\/product"}],"about":[{"href":"https:\/\/divainers.com\/ro\/wp-json\/wp\/v2\/types\/product"}],"replies":[{"embeddable":true,"href":"https:\/\/divainers.com\/ro\/wp-json\/wp\/v2\/comments?post=1146"}],"wp:featuredmedia":[{"embeddable":true,"href":"https:\/\/divainers.com\/ro\/wp-json\/wp\/v2\/media\/15612"}],"wp:attachment":[{"href":"https:\/\/divainers.com\/ro\/wp-json\/wp\/v2\/media?parent=1146"}],"wp:term":[{"taxonomy":"product_brand","embeddable":true,"href":"https:\/\/divainers.com\/ro\/wp-json\/wp\/v2\/product_brand?post=1146"},{"taxonomy":"product_cat","embeddable":true,"href":"https:\/\/divainers.com\/ro\/wp-json\/wp\/v2\/product_cat?post=1146"},{"taxonomy":"product_tag","embeddable":true,"href":"https:\/\/divainers.com\/ro\/wp-json\/wp\/v2\/product_tag?post=1146"}],"curies":[{"name":"wp","href":"https:\/\/api.w.org\/{rel}","templated":true}]}}