{"id":1151,"date":"2025-01-31T08:33:32","date_gmt":"2025-01-31T07:33:32","guid":{"rendered":"https:\/\/divainers.com\/producto\/divain-674\/"},"modified":"2026-04-30T16:11:41","modified_gmt":"2026-04-30T14:11:41","slug":"divain-674","status":"publish","type":"product","link":"https:\/\/divainers.com\/ro\/producto\/divain-674\/","title":{"rendered":"divain.674"},"content":{"rendered":"<p>Svje\u017ei, morski i sofisticirani miris koji spaja bogatstvo ouda s akvatskim i slanim notama, stvaraju\u0107i jedinstveno mirisno iskustvo. U otvaranju, citrusne i slane note prizivaju morski povjetarac, dok se oud skladno isprepli\u0107e sa svje\u017einom drva, daju\u0107i dubinu i slo\u017eenost. Kako se razvija, srce otkriva nje\u017ene nijanse naran\u010dinog cvijeta i suptilni za\u010dinski dodir, balansiraju\u0107i intenzitet ouda \u010distim i osvje\u017eavaju\u0107im dojmom. Baza s notama sive amber i sandalovine pru\u017ea toplu, drvenastu stazu za\u010dinjenu morskom slano\u0107om, ostavljaju\u0107i jedinstven i nezaboravan trag. Savr\u0161en miris za one koji tra\u017ee modernu i svje\u017eu interpretaciju ouda, idealan za svakodnevnu upotrebu ili posebne prilike kada \u017eelite istaknuti ne\u0161to neobi\u010dno i zavodljivo.<\/p>\n","protected":false},"excerpt":{"rendered":"<p>Podsje\u0107a na Oud Min\u00e9rale od Tom Ford<\/p>\n","protected":false},"featured_media":15643,"comment_status":"open","ping_status":"closed","template":"","meta":[],"product_brand":[],"product_cat":[4254],"product_tag":[1410],"class_list":{"0":"post-1151","1":"product","2":"type-product","3":"status-publish","4":"has-post-thumbnail","6":"product_cat-tom-ford","7":"product_tag-uniseks","9":"first","10":"instock","11":"shipping-taxable","12":"product-type-simple"},"_links":{"self":[{"href":"https:\/\/divainers.com\/ro\/wp-json\/wp\/v2\/product\/1151","targetHints":{"allow":["GET"]}}],"collection":[{"href":"https:\/\/divainers.com\/ro\/wp-json\/wp\/v2\/product"}],"about":[{"href":"https:\/\/divainers.com\/ro\/wp-json\/wp\/v2\/types\/product"}],"replies":[{"embeddable":true,"href":"https:\/\/divainers.com\/ro\/wp-json\/wp\/v2\/comments?post=1151"}],"wp:featuredmedia":[{"embeddable":true,"href":"https:\/\/divainers.com\/ro\/wp-json\/wp\/v2\/media\/15643"}],"wp:attachment":[{"href":"https:\/\/divainers.com\/ro\/wp-json\/wp\/v2\/media?parent=1151"}],"wp:term":[{"taxonomy":"product_brand","embeddable":true,"href":"https:\/\/divainers.com\/ro\/wp-json\/wp\/v2\/product_brand?post=1151"},{"taxonomy":"product_cat","embeddable":true,"href":"https:\/\/divainers.com\/ro\/wp-json\/wp\/v2\/product_cat?post=1151"},{"taxonomy":"product_tag","embeddable":true,"href":"https:\/\/divainers.com\/ro\/wp-json\/wp\/v2\/product_tag?post=1151"}],"curies":[{"name":"wp","href":"https:\/\/api.w.org\/{rel}","templated":true}]}}