{"id":1160,"date":"2025-01-31T08:33:34","date_gmt":"2025-01-31T07:33:34","guid":{"rendered":"https:\/\/divainers.com\/producto\/divain-798\/"},"modified":"2026-04-30T16:14:01","modified_gmt":"2026-04-30T14:14:01","slug":"divain-798","status":"publish","type":"product","link":"https:\/\/divainers.com\/ro\/producto\/divain-798\/","title":{"rendered":"divain.798"},"content":{"rendered":"<p>Ovaj miris zapo\u010dinje svje\u017eim i \u017eivahnim otvaranjem, gdje se note kisele tre\u0161nje mije\u0161aju sa za\u010dinskim dodirom \u0111umbira, stvaraju\u0107i energiziraju\u0107i i razigran osje\u0107aj. U srcu, jasmin sambac donosi nje\u017enu i obavijaju\u0107u cvjetnu meko\u0107u, pru\u017eaju\u0107i delikatan i sofisticiran dodir. Baza od mo\u0161usa i ru\u017ei\u010dastog papra uvodi toplu za\u010dinjenu notu koja ostavlja dugotrajan i zavodljiv trag. Idealno za one koji tra\u017ee moderan, dinami\u010dan i \u017eenstven miris koji spaja svje\u017einu i dubinu.<\/p>\n","protected":false},"excerpt":{"rendered":"<p>Podsje\u0107a na Electric Cherry od Tom Ford<\/p>\n","protected":false},"featured_media":15753,"comment_status":"open","ping_status":"closed","template":"","meta":[],"product_brand":[],"product_cat":[4265],"product_tag":[1389],"class_list":{"0":"post-1160","1":"product","2":"type-product","3":"status-publish","4":"has-post-thumbnail","6":"product_cat-tom-ford","7":"product_tag-unisex","9":"first","10":"instock","11":"shipping-taxable","12":"product-type-simple"},"_links":{"self":[{"href":"https:\/\/divainers.com\/ro\/wp-json\/wp\/v2\/product\/1160","targetHints":{"allow":["GET"]}}],"collection":[{"href":"https:\/\/divainers.com\/ro\/wp-json\/wp\/v2\/product"}],"about":[{"href":"https:\/\/divainers.com\/ro\/wp-json\/wp\/v2\/types\/product"}],"replies":[{"embeddable":true,"href":"https:\/\/divainers.com\/ro\/wp-json\/wp\/v2\/comments?post=1160"}],"wp:featuredmedia":[{"embeddable":true,"href":"https:\/\/divainers.com\/ro\/wp-json\/wp\/v2\/media\/15753"}],"wp:attachment":[{"href":"https:\/\/divainers.com\/ro\/wp-json\/wp\/v2\/media?parent=1160"}],"wp:term":[{"taxonomy":"product_brand","embeddable":true,"href":"https:\/\/divainers.com\/ro\/wp-json\/wp\/v2\/product_brand?post=1160"},{"taxonomy":"product_cat","embeddable":true,"href":"https:\/\/divainers.com\/ro\/wp-json\/wp\/v2\/product_cat?post=1160"},{"taxonomy":"product_tag","embeddable":true,"href":"https:\/\/divainers.com\/ro\/wp-json\/wp\/v2\/product_tag?post=1160"}],"curies":[{"name":"wp","href":"https:\/\/api.w.org\/{rel}","templated":true}]}}