{"id":11756,"date":"2025-01-31T08:33:27","date_gmt":"2025-01-31T07:33:27","guid":{"rendered":"https:\/\/divainers.com\/producto\/divain-903\/"},"modified":"2026-04-30T10:53:19","modified_gmt":"2026-04-30T08:53:19","slug":"divain-903","status":"publish","type":"product","link":"https:\/\/divainers.com\/ro\/producto\/divain-903\/","title":{"rendered":"divain.903"},"content":{"rendered":"<p>O arom\u0103 fermec\u0103toare \u0219i delicat\u0103 care evoc\u0103 puritatea copil\u0103riei printr-un amestec proasp\u0103t \u0219i fin de citrice luminoase \u0219i note florale suave. Deschiderea este un oftat de l\u0103m\u00e2ie \u0219i portocale dulci, care treze\u0219te instantaneu sim\u021burile cu o vitalitate t\u00e2n\u0103r\u0103. Pe m\u0103sur\u0103 ce se dezvolt\u0103, notele de floare de portocal \u0219i iasomie adaug\u0103 o not\u0103 cald\u0103 \u0219i delicat\u0103, \u00een timp ce baza de migdale \u0219i vanilie \u00eenv\u0103luie parfumul \u00eentr-o moliciune reconfortant\u0103, l\u0103s\u00e2nd o urm\u0103 dulce \u0219i u\u0219or cremoas\u0103. Acest parfum este perfect pentru cei care caut\u0103 o arom\u0103 u\u0219oar\u0103, proasp\u0103t\u0103 \u0219i tandr\u0103, care reflect\u0103 inocen\u021ba \u0219i bucuria primelor momente, cre\u00e2nd o senza\u021bie de c\u0103ldur\u0103 \u0219i prospe\u021bime ce persist\u0103 delicat pe tot parcursul zilei.<\/p>\n","protected":false},"excerpt":{"rendered":"<p>Aduce aminte de Ptisenbon de Tartine et Chocolat<\/p>\n","protected":false},"featured_media":3193,"comment_status":"open","ping_status":"closed","template":"","meta":[],"product_brand":[],"product_cat":[3458],"product_tag":[2339],"class_list":{"0":"post-11756","1":"product","2":"type-product","3":"status-publish","4":"has-post-thumbnail","6":"product_cat-tartine-et-chocolat","7":"product_tag-ninos-y-ninas","9":"first","10":"instock","11":"shipping-taxable","12":"product-type-simple"},"_links":{"self":[{"href":"https:\/\/divainers.com\/ro\/wp-json\/wp\/v2\/product\/11756","targetHints":{"allow":["GET"]}}],"collection":[{"href":"https:\/\/divainers.com\/ro\/wp-json\/wp\/v2\/product"}],"about":[{"href":"https:\/\/divainers.com\/ro\/wp-json\/wp\/v2\/types\/product"}],"replies":[{"embeddable":true,"href":"https:\/\/divainers.com\/ro\/wp-json\/wp\/v2\/comments?post=11756"}],"wp:featuredmedia":[{"embeddable":true,"href":"https:\/\/divainers.com\/ro\/wp-json\/wp\/v2\/media\/3193"}],"wp:attachment":[{"href":"https:\/\/divainers.com\/ro\/wp-json\/wp\/v2\/media?parent=11756"}],"wp:term":[{"taxonomy":"product_brand","embeddable":true,"href":"https:\/\/divainers.com\/ro\/wp-json\/wp\/v2\/product_brand?post=11756"},{"taxonomy":"product_cat","embeddable":true,"href":"https:\/\/divainers.com\/ro\/wp-json\/wp\/v2\/product_cat?post=11756"},{"taxonomy":"product_tag","embeddable":true,"href":"https:\/\/divainers.com\/ro\/wp-json\/wp\/v2\/product_tag?post=11756"}],"curies":[{"name":"wp","href":"https:\/\/api.w.org\/{rel}","templated":true}]}}