{"id":11802,"date":"2025-01-31T08:33:27","date_gmt":"2025-01-31T07:33:27","guid":{"rendered":"https:\/\/divainers.com\/producto\/divain-781\/"},"modified":"2026-04-30T10:53:32","modified_gmt":"2026-04-30T08:53:32","slug":"divain-781","status":"publish","type":"product","link":"https:\/\/divainers.com\/ro\/producto\/divain-781\/","title":{"rendered":"divain.781"},"content":{"rendered":"<p>Aceast\u0103 arom\u0103 unisex \u00eencepe cu o deschidere condimentat\u0103 \u0219i citric\u0103, unde coriandrul \u0219i chimionul se \u00eempletesc cu note proaspete, cre\u00e2nd o senza\u021bie de c\u0103ldur\u0103 \u0219i sofisticare. \u00cen inima parfumului, cedrul \u0219i iasomia adaug\u0103 o elegan\u021b\u0103 lemnoas\u0103 \u0219i floral\u0103, evoc\u00e2nd lini\u0219tea peisajelor de\u0219ertice. Baza de patchouli, chihlimbar gri \u0219i r\u0103\u0219ini adaug\u0103 o profunzime balsamic\u0103 \u0219i p\u0103m\u00e2ntoas\u0103, reflect\u00e2nd bog\u0103\u021bia natural\u0103 a Magrebului. Aceast\u0103 compozi\u021bie, prezentat\u0103 \u00eentr-o concentra\u021bie luxoas\u0103 de extract de parfum, ofer\u0103 o experien\u021b\u0103 senzorial\u0103 unic\u0103 care surprinde esen\u021ba de\u0219ertului.<\/p>\n","protected":false},"excerpt":{"rendered":"<p>Aduce aminte de Au Coeur du D\u00e9sert de Tauer<\/p>\n","protected":false},"featured_media":11795,"comment_status":"open","ping_status":"closed","template":"","meta":[],"product_brand":[],"product_cat":[3482],"product_tag":[1382],"class_list":{"0":"post-11802","1":"product","2":"type-product","3":"status-publish","4":"has-post-thumbnail","6":"product_cat-tauer","7":"product_tag-unisex","9":"first","10":"instock","11":"shipping-taxable","12":"product-type-simple"},"_links":{"self":[{"href":"https:\/\/divainers.com\/ro\/wp-json\/wp\/v2\/product\/11802","targetHints":{"allow":["GET"]}}],"collection":[{"href":"https:\/\/divainers.com\/ro\/wp-json\/wp\/v2\/product"}],"about":[{"href":"https:\/\/divainers.com\/ro\/wp-json\/wp\/v2\/types\/product"}],"replies":[{"embeddable":true,"href":"https:\/\/divainers.com\/ro\/wp-json\/wp\/v2\/comments?post=11802"}],"wp:featuredmedia":[{"embeddable":true,"href":"https:\/\/divainers.com\/ro\/wp-json\/wp\/v2\/media\/11795"}],"wp:attachment":[{"href":"https:\/\/divainers.com\/ro\/wp-json\/wp\/v2\/media?parent=11802"}],"wp:term":[{"taxonomy":"product_brand","embeddable":true,"href":"https:\/\/divainers.com\/ro\/wp-json\/wp\/v2\/product_brand?post=11802"},{"taxonomy":"product_cat","embeddable":true,"href":"https:\/\/divainers.com\/ro\/wp-json\/wp\/v2\/product_cat?post=11802"},{"taxonomy":"product_tag","embeddable":true,"href":"https:\/\/divainers.com\/ro\/wp-json\/wp\/v2\/product_tag?post=11802"}],"curies":[{"name":"wp","href":"https:\/\/api.w.org\/{rel}","templated":true}]}}