{"id":1191,"date":"2025-01-31T08:33:38","date_gmt":"2025-01-31T07:33:38","guid":{"rendered":"https:\/\/divainers.com\/producto\/divain-424\/"},"modified":"2026-04-30T16:03:27","modified_gmt":"2026-04-30T14:03:27","slug":"divain-424","status":"publish","type":"product","link":"https:\/\/divainers.com\/ro\/producto\/divain-424\/","title":{"rendered":"divain.424"},"content":{"rendered":"<p>Mladena\u010dki i energi\u010dan miris koji kombinira svje\u017einu, toplinu i nostalgi\u010dni dodir. Od otvaranja, citrusna eksplozija bergamota i limuna mije\u0161a se s aromati\u010dnim notama anisa i bosiljka, stvaraju\u0107i \u017eivahan i iskri\u010dav dojam. U srcu, za\u010dinski i cvjetni akord s lavandom i cimetom donosi dubinu i neodoljiv klasi\u010dni \u0161tih. Na kraju, drvenasti i vanilijski trag obavija ko\u017eu toplim, kremastim i umiruju\u0107im velom. Svestran i karizmati\u010dan parfem, savr\u0161en za one koji tra\u017ee bezvremeni miris sa slobodnim i opu\u0161tenim duhom.<\/p>\n","protected":false},"excerpt":{"rendered":"<p>Podsje\u0107a na Blue jeans od Versace<\/p>\n","protected":false},"featured_media":15441,"comment_status":"open","ping_status":"closed","template":"","meta":[],"product_brand":[],"product_cat":[1742],"product_tag":[1342],"class_list":{"0":"post-1191","1":"product","2":"type-product","3":"status-publish","4":"has-post-thumbnail","6":"product_cat-versace","7":"product_tag-mehed","9":"first","10":"instock","11":"shipping-taxable","12":"product-type-simple"},"_links":{"self":[{"href":"https:\/\/divainers.com\/ro\/wp-json\/wp\/v2\/product\/1191","targetHints":{"allow":["GET"]}}],"collection":[{"href":"https:\/\/divainers.com\/ro\/wp-json\/wp\/v2\/product"}],"about":[{"href":"https:\/\/divainers.com\/ro\/wp-json\/wp\/v2\/types\/product"}],"replies":[{"embeddable":true,"href":"https:\/\/divainers.com\/ro\/wp-json\/wp\/v2\/comments?post=1191"}],"wp:featuredmedia":[{"embeddable":true,"href":"https:\/\/divainers.com\/ro\/wp-json\/wp\/v2\/media\/15441"}],"wp:attachment":[{"href":"https:\/\/divainers.com\/ro\/wp-json\/wp\/v2\/media?parent=1191"}],"wp:term":[{"taxonomy":"product_brand","embeddable":true,"href":"https:\/\/divainers.com\/ro\/wp-json\/wp\/v2\/product_brand?post=1191"},{"taxonomy":"product_cat","embeddable":true,"href":"https:\/\/divainers.com\/ro\/wp-json\/wp\/v2\/product_cat?post=1191"},{"taxonomy":"product_tag","embeddable":true,"href":"https:\/\/divainers.com\/ro\/wp-json\/wp\/v2\/product_tag?post=1191"}],"curies":[{"name":"wp","href":"https:\/\/api.w.org\/{rel}","templated":true}]}}