{"id":1233,"date":"2025-01-31T08:33:43","date_gmt":"2025-01-31T07:33:43","guid":{"rendered":"https:\/\/divainers.com\/producto\/divain-564\/"},"modified":"2026-04-30T16:09:15","modified_gmt":"2026-04-30T14:09:15","slug":"divain-564","status":"publish","type":"product","link":"https:\/\/divainers.com\/ro\/producto\/divain-564\/","title":{"rendered":"divain.564"},"content":{"rendered":"<p>Odva\u017ean i moderan miris koji hvata bit slobodne, sigurne i pune stava \u017eene. Od otvaranja, topla i kremasta mje\u0161avina kestena i ru\u017ee spaja se s nje\u017enim dodirom vanilije, stvaraju\u0107i obavijaju\u0107u i utje\u0161nu slatko\u0107u. U srcu, dodir sandalovine i jasmina daje dublji i sofisticiraniji karakter, dok drvenasti bazni tonovi mo\u0161usa i vetivera dodaju senzualnu i zemljanu osnovu koja pru\u017ea trajnost i prisutnost mirisu. Idealni parfem za one koji tra\u017ee slatki, drvenasti i blago za\u010dinski miris, savr\u0161en za svakodnevnu upotrebu ili za prilike kada \u017eelite ostaviti prepoznatljiv i karakteristi\u010dan trag.<\/p>\n","protected":false},"excerpt":{"rendered":"<p>Podsje\u0107a na This is Her od Zadig &#038; Voltaire<\/p>\n","protected":false},"featured_media":15544,"comment_status":"open","ping_status":"closed","template":"","meta":[],"product_brand":[],"product_cat":[2002],"product_tag":[1444],"class_list":{"0":"post-1233","1":"product","2":"type-product","3":"status-publish","4":"has-post-thumbnail","6":"product_cat-zadig-voltaire","7":"product_tag-kvinner","9":"first","10":"instock","11":"shipping-taxable","12":"product-type-simple"},"_links":{"self":[{"href":"https:\/\/divainers.com\/ro\/wp-json\/wp\/v2\/product\/1233","targetHints":{"allow":["GET"]}}],"collection":[{"href":"https:\/\/divainers.com\/ro\/wp-json\/wp\/v2\/product"}],"about":[{"href":"https:\/\/divainers.com\/ro\/wp-json\/wp\/v2\/types\/product"}],"replies":[{"embeddable":true,"href":"https:\/\/divainers.com\/ro\/wp-json\/wp\/v2\/comments?post=1233"}],"wp:featuredmedia":[{"embeddable":true,"href":"https:\/\/divainers.com\/ro\/wp-json\/wp\/v2\/media\/15544"}],"wp:attachment":[{"href":"https:\/\/divainers.com\/ro\/wp-json\/wp\/v2\/media?parent=1233"}],"wp:term":[{"taxonomy":"product_brand","embeddable":true,"href":"https:\/\/divainers.com\/ro\/wp-json\/wp\/v2\/product_brand?post=1233"},{"taxonomy":"product_cat","embeddable":true,"href":"https:\/\/divainers.com\/ro\/wp-json\/wp\/v2\/product_cat?post=1233"},{"taxonomy":"product_tag","embeddable":true,"href":"https:\/\/divainers.com\/ro\/wp-json\/wp\/v2\/product_tag?post=1233"}],"curies":[{"name":"wp","href":"https:\/\/api.w.org\/{rel}","templated":true}]}}