{"id":12341,"date":"2025-01-31T08:33:27","date_gmt":"2025-01-31T07:33:27","guid":{"rendered":"https:\/\/divainers.com\/producto\/divain-036\/"},"modified":"2026-04-30T10:56:48","modified_gmt":"2026-04-30T08:56:48","slug":"divain-036","status":"publish","type":"product","link":"https:\/\/divainers.com\/ro\/producto\/divain-036\/","title":{"rendered":"divain.036"},"content":{"rendered":"<p>Un parfum puternic \u0219i avangardist care \u00eembin\u0103 intensitatea \u0219i sofisticarea \u00eentr-o compozi\u021bie de neuitat. Deschiderea sa vibrant\u0103 de ment\u0103 \u0219i lavand\u0103 aduce prospe\u021bime, \u00een timp ce inima adictiv\u0103 de cafea \u0219i caramel adaug\u0103 o not\u0103 dulce \u0219i condimentat\u0103, cre\u00e2nd o senza\u021bie cald\u0103 \u0219i \u00eenv\u0103luitoare. La baz\u0103, patchouli, mosc \u0219i vanilie \u00eei \u00eent\u0103resc caracterul profund \u0219i magnetic, l\u0103s\u00e2nd o urm\u0103 intens\u0103 \u0219i de lung\u0103 durat\u0103. Perfect pentru b\u0103rbatul \u00eendr\u0103zne\u021b \u0219i carismatic care caut\u0103 o arom\u0103 unic\u0103, cu o personalitate cople\u0219itoare.<\/p>\n","protected":false},"excerpt":{"rendered":"<p>Aduce aminte de A*Men de Thierry Mugler<\/p>\n","protected":false},"featured_media":12336,"comment_status":"open","ping_status":"closed","template":"","meta":[],"product_brand":[],"product_cat":[3753],"product_tag":[1369],"class_list":{"0":"post-12341","1":"product","2":"type-product","3":"status-publish","4":"has-post-thumbnail","6":"product_cat-thierry-mugler","7":"product_tag-barbati","9":"first","10":"instock","11":"shipping-taxable","12":"product-type-simple"},"_links":{"self":[{"href":"https:\/\/divainers.com\/ro\/wp-json\/wp\/v2\/product\/12341","targetHints":{"allow":["GET"]}}],"collection":[{"href":"https:\/\/divainers.com\/ro\/wp-json\/wp\/v2\/product"}],"about":[{"href":"https:\/\/divainers.com\/ro\/wp-json\/wp\/v2\/types\/product"}],"replies":[{"embeddable":true,"href":"https:\/\/divainers.com\/ro\/wp-json\/wp\/v2\/comments?post=12341"}],"wp:featuredmedia":[{"embeddable":true,"href":"https:\/\/divainers.com\/ro\/wp-json\/wp\/v2\/media\/12336"}],"wp:attachment":[{"href":"https:\/\/divainers.com\/ro\/wp-json\/wp\/v2\/media?parent=12341"}],"wp:term":[{"taxonomy":"product_brand","embeddable":true,"href":"https:\/\/divainers.com\/ro\/wp-json\/wp\/v2\/product_brand?post=12341"},{"taxonomy":"product_cat","embeddable":true,"href":"https:\/\/divainers.com\/ro\/wp-json\/wp\/v2\/product_cat?post=12341"},{"taxonomy":"product_tag","embeddable":true,"href":"https:\/\/divainers.com\/ro\/wp-json\/wp\/v2\/product_tag?post=12341"}],"curies":[{"name":"wp","href":"https:\/\/api.w.org\/{rel}","templated":true}]}}