{"id":12889,"date":"2025-01-31T08:33:28","date_gmt":"2025-01-31T07:33:28","guid":{"rendered":"https:\/\/divainers.com\/producto\/divain-426\/"},"modified":"2026-04-30T10:59:42","modified_gmt":"2026-04-30T08:59:42","slug":"divain-426","status":"publish","type":"product","link":"https:\/\/divainers.com\/ro\/producto\/divain-426\/","title":{"rendered":"divain.426"},"content":{"rendered":"<p>Un parfum magnetic \u0219i \u00eenv\u0103luitor care treze\u0219te sim\u021burile prin fuziunea sa opulent\u0103 de fructe suculente \u0219i lemnuri senzuale. Din primul moment, o explozie fructat\u0103 de fructul pasiunii, piersic\u0103 \u0219i coac\u0103ze negre umple aerul cu o dulcea\u021b\u0103 exotic\u0103 \u0219i tentant\u0103. \u00cen inima sa, un acord floral delicat se \u00eemplete\u0219te cu nuan\u021be ambrate, ad\u0103ug\u00e2nd profunzime \u0219i mister. \u00cen cele din urm\u0103, baza de mosc, patchouli \u0219i lemn de santal creeaz\u0103 o urm\u0103 cremoas\u0103 \u0219i adictiv\u0103, l\u0103s\u00e2nd o impresie de neuitat. Un parfum hipnotic \u0219i seduc\u0103tor, ideal pentru cei care caut\u0103 o arom\u0103 intens\u0103, sofisticat\u0103 \u0219i plin\u0103 de personalitate.<\/p>\n","protected":false},"excerpt":{"rendered":"<p>Aduce aminte de Kirke de Tiziana Terenzi<\/p>\n","protected":false},"featured_media":12882,"comment_status":"open","ping_status":"closed","template":"","meta":[],"product_brand":[],"product_cat":[4027],"product_tag":[1382],"class_list":{"0":"post-12889","1":"product","2":"type-product","3":"status-publish","4":"has-post-thumbnail","6":"product_cat-tiziana-terenzi","7":"product_tag-unisex","9":"first","10":"instock","11":"shipping-taxable","12":"product-type-simple"},"_links":{"self":[{"href":"https:\/\/divainers.com\/ro\/wp-json\/wp\/v2\/product\/12889","targetHints":{"allow":["GET"]}}],"collection":[{"href":"https:\/\/divainers.com\/ro\/wp-json\/wp\/v2\/product"}],"about":[{"href":"https:\/\/divainers.com\/ro\/wp-json\/wp\/v2\/types\/product"}],"replies":[{"embeddable":true,"href":"https:\/\/divainers.com\/ro\/wp-json\/wp\/v2\/comments?post=12889"}],"wp:featuredmedia":[{"embeddable":true,"href":"https:\/\/divainers.com\/ro\/wp-json\/wp\/v2\/media\/12882"}],"wp:attachment":[{"href":"https:\/\/divainers.com\/ro\/wp-json\/wp\/v2\/media?parent=12889"}],"wp:term":[{"taxonomy":"product_brand","embeddable":true,"href":"https:\/\/divainers.com\/ro\/wp-json\/wp\/v2\/product_brand?post=12889"},{"taxonomy":"product_cat","embeddable":true,"href":"https:\/\/divainers.com\/ro\/wp-json\/wp\/v2\/product_cat?post=12889"},{"taxonomy":"product_tag","embeddable":true,"href":"https:\/\/divainers.com\/ro\/wp-json\/wp\/v2\/product_tag?post=12889"}],"curies":[{"name":"wp","href":"https:\/\/api.w.org\/{rel}","templated":true}]}}