{"id":13451,"date":"2025-01-31T08:33:35","date_gmt":"2025-01-31T07:33:35","guid":{"rendered":"https:\/\/divainers.com\/producto\/divain-092\/"},"modified":"2026-04-30T11:03:38","modified_gmt":"2026-04-30T09:03:38","slug":"divain-092","status":"publish","type":"product","link":"https:\/\/divainers.com\/ro\/producto\/divain-092\/","title":{"rendered":"divain.092"},"content":{"rendered":"<p>Un parfum proasp\u0103t \u0219i vibrant care surprinde esen\u021ba tinere\u021bii \u0219i libert\u0103\u021bii. Deschiderea sa str\u0103lucitoare de m\u0103r, coac\u0103ze negre \u0219i mandarin\u0103 aduce o energie luminoas\u0103 \u0219i revigorant\u0103. \u00cen inim\u0103, combina\u021bia de trandafir, crin \u0219i caprifoi \u00eenv\u0103luie parfumul \u00eentr-o feminitate delicat\u0103 \u0219i natural\u0103. La baz\u0103, santalul \u0219i cedrul creeaz\u0103 o urm\u0103 cald\u0103 \u0219i u\u0219oar\u0103, perfect\u0103 pentru femeia spontan\u0103, optimist\u0103 \u0219i cu un spirit liber care se bucur\u0103 de fiecare moment.<\/p>\n","protected":false},"excerpt":{"rendered":"<p>Aminte\u0219te de Tommy Girl de Tommy Hilfiger<\/p>\n","protected":false},"featured_media":13449,"comment_status":"open","ping_status":"closed","template":"","meta":[],"product_brand":[],"product_cat":[4291],"product_tag":[1450],"class_list":{"0":"post-13451","1":"product","2":"type-product","3":"status-publish","4":"has-post-thumbnail","6":"product_cat-tommy-hilfiger","7":"product_tag-femei","9":"first","10":"instock","11":"shipping-taxable","12":"product-type-simple"},"_links":{"self":[{"href":"https:\/\/divainers.com\/ro\/wp-json\/wp\/v2\/product\/13451","targetHints":{"allow":["GET"]}}],"collection":[{"href":"https:\/\/divainers.com\/ro\/wp-json\/wp\/v2\/product"}],"about":[{"href":"https:\/\/divainers.com\/ro\/wp-json\/wp\/v2\/types\/product"}],"replies":[{"embeddable":true,"href":"https:\/\/divainers.com\/ro\/wp-json\/wp\/v2\/comments?post=13451"}],"wp:featuredmedia":[{"embeddable":true,"href":"https:\/\/divainers.com\/ro\/wp-json\/wp\/v2\/media\/13449"}],"wp:attachment":[{"href":"https:\/\/divainers.com\/ro\/wp-json\/wp\/v2\/media?parent=13451"}],"wp:term":[{"taxonomy":"product_brand","embeddable":true,"href":"https:\/\/divainers.com\/ro\/wp-json\/wp\/v2\/product_brand?post=13451"},{"taxonomy":"product_cat","embeddable":true,"href":"https:\/\/divainers.com\/ro\/wp-json\/wp\/v2\/product_cat?post=13451"},{"taxonomy":"product_tag","embeddable":true,"href":"https:\/\/divainers.com\/ro\/wp-json\/wp\/v2\/product_tag?post=13451"}],"curies":[{"name":"wp","href":"https:\/\/api.w.org\/{rel}","templated":true}]}}