{"id":13961,"date":"2025-01-31T08:33:35","date_gmt":"2025-01-31T07:33:35","guid":{"rendered":"https:\/\/divainers.com\/producto\/divain-061\/"},"modified":"2026-04-30T11:06:16","modified_gmt":"2026-04-30T09:06:16","slug":"divain-061","status":"publish","type":"product","link":"https:\/\/divainers.com\/ro\/producto\/divain-061\/","title":{"rendered":"divain.061"},"content":{"rendered":"<p>Un parfum fin \u0219i elegant care transmite prospe\u021bime \u0219i delicate\u021be \u00een fiecare not\u0103. Deschiderea sa luminoas\u0103 de bergamot\u0103 \u0219i frunze de violet\u0103 adaug\u0103 o not\u0103 citric\u0103 \u0219i verde, \u00een timp ce inima floral\u0103 de trandafir, bujor \u0219i iasomie \u00eenv\u0103luie parfumul cu feminitate \u0219i sofisticare. La baz\u0103, mosc alb \u0219i cedru creeaz\u0103 o urm\u0103 cald\u0103 \u0219i \u00eenv\u0103luitoare, perfect\u0103 pentru femeia subtil\u0103, elegant\u0103 \u0219i cu un farmec natural.<\/p>\n","protected":false},"excerpt":{"rendered":"<p>Aminte\u0219te de Tous de Tous<\/p>\n","protected":false},"featured_media":13959,"comment_status":"open","ping_status":"closed","template":"","meta":[],"product_brand":[],"product_cat":[4537],"product_tag":[1450],"class_list":{"0":"post-13961","1":"product","2":"type-product","3":"status-publish","4":"has-post-thumbnail","6":"product_cat-tous","7":"product_tag-femei","9":"first","10":"instock","11":"shipping-taxable","12":"product-type-simple"},"_links":{"self":[{"href":"https:\/\/divainers.com\/ro\/wp-json\/wp\/v2\/product\/13961","targetHints":{"allow":["GET"]}}],"collection":[{"href":"https:\/\/divainers.com\/ro\/wp-json\/wp\/v2\/product"}],"about":[{"href":"https:\/\/divainers.com\/ro\/wp-json\/wp\/v2\/types\/product"}],"replies":[{"embeddable":true,"href":"https:\/\/divainers.com\/ro\/wp-json\/wp\/v2\/comments?post=13961"}],"wp:featuredmedia":[{"embeddable":true,"href":"https:\/\/divainers.com\/ro\/wp-json\/wp\/v2\/media\/13959"}],"wp:attachment":[{"href":"https:\/\/divainers.com\/ro\/wp-json\/wp\/v2\/media?parent=13961"}],"wp:term":[{"taxonomy":"product_brand","embeddable":true,"href":"https:\/\/divainers.com\/ro\/wp-json\/wp\/v2\/product_brand?post=13961"},{"taxonomy":"product_cat","embeddable":true,"href":"https:\/\/divainers.com\/ro\/wp-json\/wp\/v2\/product_cat?post=13961"},{"taxonomy":"product_tag","embeddable":true,"href":"https:\/\/divainers.com\/ro\/wp-json\/wp\/v2\/product_tag?post=13961"}],"curies":[{"name":"wp","href":"https:\/\/api.w.org\/{rel}","templated":true}]}}