{"id":465,"date":"2025-01-31T08:32:06","date_gmt":"2025-01-31T07:32:06","guid":{"rendered":"https:\/\/divainers.com\/producto\/divain-550\/"},"modified":"2026-03-16T16:07:24","modified_gmt":"2026-03-16T15:07:24","slug":"divain-550","status":"publish","type":"product","link":"https:\/\/divainers.com\/ro\/producto\/divain-550\/","title":{"rendered":"divain.550"},"content":{"rendered":"<p>Un aroma cl\u00e1sico y atemporal que encapsula la elegancia y la sofisticaci\u00f3n en cada nota. Desde la apertura, una mezcla de aldeh\u00eddos y c\u00edtricos como bergamota y lim\u00f3n aporta una frescura brillante y chispeante, que se fusiona perfectamente con un toque floral de rosa y jazm\u00edn. En su coraz\u00f3n, el delicado lirio de los valles y el iris dan una feminidad suave y refinada, mientras que el s\u00e1ndalo y la vainilla en el fondo aportan una calidez envolvente y aterciopelada. Un perfume ideal para quienes buscan una fragancia floral, aldeh\u00eddica y sofisticada, perfecta para ocasiones especiales o para quienes desean dejar una estela de lujo y distinci\u00f3n.<\/p>\n","protected":false},"excerpt":{"rendered":"<p>Recuerda a N\u00ba 5 premiere de Chanel<\/p>\n","protected":false},"featured_media":2952,"comment_status":"open","ping_status":"closed","template":"","meta":[],"product_brand":[],"product_cat":[2126],"product_tag":[1156],"class_list":{"0":"post-465","1":"product","2":"type-product","3":"status-publish","4":"has-post-thumbnail","6":"product_cat-chanel","7":"product_tag-mujer","9":"first","10":"instock","11":"shipping-taxable","12":"product-type-simple"},"_links":{"self":[{"href":"https:\/\/divainers.com\/ro\/wp-json\/wp\/v2\/product\/465","targetHints":{"allow":["GET"]}}],"collection":[{"href":"https:\/\/divainers.com\/ro\/wp-json\/wp\/v2\/product"}],"about":[{"href":"https:\/\/divainers.com\/ro\/wp-json\/wp\/v2\/types\/product"}],"replies":[{"embeddable":true,"href":"https:\/\/divainers.com\/ro\/wp-json\/wp\/v2\/comments?post=465"}],"wp:featuredmedia":[{"embeddable":true,"href":"https:\/\/divainers.com\/ro\/wp-json\/wp\/v2\/media\/2952"}],"wp:attachment":[{"href":"https:\/\/divainers.com\/ro\/wp-json\/wp\/v2\/media?parent=465"}],"wp:term":[{"taxonomy":"product_brand","embeddable":true,"href":"https:\/\/divainers.com\/ro\/wp-json\/wp\/v2\/product_brand?post=465"},{"taxonomy":"product_cat","embeddable":true,"href":"https:\/\/divainers.com\/ro\/wp-json\/wp\/v2\/product_cat?post=465"},{"taxonomy":"product_tag","embeddable":true,"href":"https:\/\/divainers.com\/ro\/wp-json\/wp\/v2\/product_tag?post=465"}],"curies":[{"name":"wp","href":"https:\/\/api.w.org\/{rel}","templated":true}]}}