{"id":494,"date":"2025-01-31T08:32:10","date_gmt":"2025-01-31T07:32:10","guid":{"rendered":"https:\/\/divainers.com\/producto\/divain-824\/"},"modified":"2026-04-30T16:23:36","modified_gmt":"2026-04-30T14:23:36","slug":"divain-824","status":"publish","type":"product","link":"https:\/\/divainers.com\/ro\/producto\/divain-824\/","title":{"rendered":"divain.824"},"content":{"rendered":"<p>Tato unisex v\u016fn\u011b se vyzna\u010duje sv\u011b\u017e\u00edm a kv\u011btinov\u00fdm aroma, s \u00favodn\u00edmi t\u00f3ny broskve, jablka a melounu, kter\u00e9 p\u0159ech\u00e1zej\u00ed do srdce z jasm\u00ednu a r\u016f\u017ee. V z\u00e1kladu dod\u00e1v\u00e1 pi\u017emo pocit jemnosti a hloubky. Ide\u00e1ln\u00ed pro denn\u00ed no\u0161en\u00ed na ja\u0159e, s m\u00edrnou intenzitou je perfektn\u00ed volbou pro ty, kte\u0159\u00ed hledaj\u00ed esenci evokuj\u00edc\u00ed sv\u011b\u017eest a \u017eenskost.<\/p>\n","protected":false},"excerpt":{"rendered":"<p>P\u0159ipom\u00edn\u00e1 Spring Flower od Creed<\/p>\n","protected":false},"featured_media":16044,"comment_status":"open","ping_status":"closed","template":"","meta":[],"product_brand":[],"product_cat":[2275],"product_tag":[1452],"class_list":{"0":"post-494","1":"product","2":"type-product","3":"status-publish","4":"has-post-thumbnail","6":"product_cat-creed","7":"product_tag-sievietes","9":"first","10":"instock","11":"shipping-taxable","12":"product-type-simple"},"_links":{"self":[{"href":"https:\/\/divainers.com\/ro\/wp-json\/wp\/v2\/product\/494","targetHints":{"allow":["GET"]}}],"collection":[{"href":"https:\/\/divainers.com\/ro\/wp-json\/wp\/v2\/product"}],"about":[{"href":"https:\/\/divainers.com\/ro\/wp-json\/wp\/v2\/types\/product"}],"replies":[{"embeddable":true,"href":"https:\/\/divainers.com\/ro\/wp-json\/wp\/v2\/comments?post=494"}],"wp:featuredmedia":[{"embeddable":true,"href":"https:\/\/divainers.com\/ro\/wp-json\/wp\/v2\/media\/16044"}],"wp:attachment":[{"href":"https:\/\/divainers.com\/ro\/wp-json\/wp\/v2\/media?parent=494"}],"wp:term":[{"taxonomy":"product_brand","embeddable":true,"href":"https:\/\/divainers.com\/ro\/wp-json\/wp\/v2\/product_brand?post=494"},{"taxonomy":"product_cat","embeddable":true,"href":"https:\/\/divainers.com\/ro\/wp-json\/wp\/v2\/product_cat?post=494"},{"taxonomy":"product_tag","embeddable":true,"href":"https:\/\/divainers.com\/ro\/wp-json\/wp\/v2\/product_tag?post=494"}],"curies":[{"name":"wp","href":"https:\/\/api.w.org\/{rel}","templated":true}]}}