{"id":496,"date":"2025-01-31T08:32:10","date_gmt":"2025-01-31T07:32:10","guid":{"rendered":"https:\/\/divainers.com\/producto\/divain-936\/"},"modified":"2026-04-30T16:23:40","modified_gmt":"2026-04-30T14:23:40","slug":"divain-936","status":"publish","type":"product","link":"https:\/\/divainers.com\/ro\/producto\/divain-936\/","title":{"rendered":"divain.936"},"content":{"rendered":"<p>Hravo sv\u011b\u017e\u00ed v\u016fn\u011b, kter\u00e1 evokuje \u010distotu a radost t\u011bch nejnevinn\u011bj\u0161\u00edch okam\u017eik\u016f. Ji\u017e p\u0159i prvn\u00edm n\u00e1dechu se ovocn\u00e9 t\u00f3ny pomeran\u010de a zelen\u00e9ho jablka prol\u00ednaj\u00ed s jemn\u00fdm n\u00e1dechem mandarinky, vytv\u00e1\u0159ej\u00edc \u017eivou explozi sv\u011b\u017eesti, kter\u00e1 rozjas\u0148uje smysly. Jak se v\u016fn\u011b rozv\u00edj\u00ed, jemn\u00fd kv\u011btinov\u00fd akord jasm\u00ednu a lili\u00ed p\u0159in\u00e1\u0161\u00ed dotek jemnosti, jako z\u00e1van \u010derstv\u00e9ho vzduchu na kv\u011btinov\u00e9 louce. Jemn\u00fd a kr\u00e9mov\u00fd z\u00e1klad z pi\u017ema a d\u0159eva dod\u00e1v\u00e1 uklid\u0148uj\u00edc\u00ed podklad, kter\u00fd obaluje v\u016fni jemnou a teplou n\u011bhou. Tento parf\u00e9m je ide\u00e1ln\u00ed pro ty, kte\u0159\u00ed hledaj\u00ed sv\u011b\u017e\u00ed, lehk\u00fd a radostn\u00fd z\u00e1\u017eitek, ide\u00e1ln\u00ed pro chv\u00edle n\u011bhy a sv\u011b\u017eesti, zanech\u00e1vaj\u00edc\u00ed jemnou a okouzluj\u00edc\u00ed stopu.<\/p>\n","protected":false},"excerpt":{"rendered":"<p>P\u0159ipom\u00edn\u00e1 Creed for kids od Creed<\/p>\n","protected":false},"featured_media":16046,"comment_status":"open","ping_status":"closed","template":"","meta":[],"product_brand":[],"product_cat":[2269],"product_tag":[4603],"class_list":{"0":"post-496","1":"product","2":"type-product","3":"status-publish","4":"has-post-thumbnail","6":"product_cat-creed","7":"product_tag-deti","9":"first","10":"instock","11":"shipping-taxable","12":"product-type-simple"},"_links":{"self":[{"href":"https:\/\/divainers.com\/ro\/wp-json\/wp\/v2\/product\/496","targetHints":{"allow":["GET"]}}],"collection":[{"href":"https:\/\/divainers.com\/ro\/wp-json\/wp\/v2\/product"}],"about":[{"href":"https:\/\/divainers.com\/ro\/wp-json\/wp\/v2\/types\/product"}],"replies":[{"embeddable":true,"href":"https:\/\/divainers.com\/ro\/wp-json\/wp\/v2\/comments?post=496"}],"wp:featuredmedia":[{"embeddable":true,"href":"https:\/\/divainers.com\/ro\/wp-json\/wp\/v2\/media\/16046"}],"wp:attachment":[{"href":"https:\/\/divainers.com\/ro\/wp-json\/wp\/v2\/media?parent=496"}],"wp:term":[{"taxonomy":"product_brand","embeddable":true,"href":"https:\/\/divainers.com\/ro\/wp-json\/wp\/v2\/product_brand?post=496"},{"taxonomy":"product_cat","embeddable":true,"href":"https:\/\/divainers.com\/ro\/wp-json\/wp\/v2\/product_cat?post=496"},{"taxonomy":"product_tag","embeddable":true,"href":"https:\/\/divainers.com\/ro\/wp-json\/wp\/v2\/product_tag?post=496"}],"curies":[{"name":"wp","href":"https:\/\/api.w.org\/{rel}","templated":true}]}}