{"id":519,"date":"2025-01-31T08:32:13","date_gmt":"2025-01-31T07:32:13","guid":{"rendered":"https:\/\/divainers.com\/producto\/divain-346\/"},"modified":"2026-03-16T16:07:29","modified_gmt":"2026-03-16T15:07:29","slug":"divain-346","status":"publish","type":"product","link":"https:\/\/divainers.com\/ro\/producto\/divain-346\/","title":{"rendered":"divain.346"},"content":{"rendered":"<p>Una fragancia serena y armoniosa que evoca la brisa marina y la calidez de la arena. Su apertura combina notas frescas y arom\u00e1ticas de hojas de higuera, albahaca y mandarina, que se funden con un coraz\u00f3n amaderado y especiado de cedro y salvia. La base es suave y terrosa, con acordes de s\u00e1ndalo, haba tonka y musgo, creando una estela equilibrada y elegante. Perfecta para quienes buscan un aroma sofisticado y relajante con un toque natural.<\/p>\n","protected":false},"excerpt":{"rendered":"<p>Recuerda a Dune Pour Homme de Dior<\/p>\n","protected":false},"featured_media":4411,"comment_status":"open","ping_status":"closed","template":"","meta":[],"product_brand":[],"product_cat":[246],"product_tag":[25],"class_list":{"0":"post-519","1":"product","2":"type-product","3":"status-publish","4":"has-post-thumbnail","6":"product_cat-dior","7":"product_tag-hombre","9":"first","10":"instock","11":"shipping-taxable","12":"product-type-simple"},"_links":{"self":[{"href":"https:\/\/divainers.com\/ro\/wp-json\/wp\/v2\/product\/519","targetHints":{"allow":["GET"]}}],"collection":[{"href":"https:\/\/divainers.com\/ro\/wp-json\/wp\/v2\/product"}],"about":[{"href":"https:\/\/divainers.com\/ro\/wp-json\/wp\/v2\/types\/product"}],"replies":[{"embeddable":true,"href":"https:\/\/divainers.com\/ro\/wp-json\/wp\/v2\/comments?post=519"}],"wp:featuredmedia":[{"embeddable":true,"href":"https:\/\/divainers.com\/ro\/wp-json\/wp\/v2\/media\/4411"}],"wp:attachment":[{"href":"https:\/\/divainers.com\/ro\/wp-json\/wp\/v2\/media?parent=519"}],"wp:term":[{"taxonomy":"product_brand","embeddable":true,"href":"https:\/\/divainers.com\/ro\/wp-json\/wp\/v2\/product_brand?post=519"},{"taxonomy":"product_cat","embeddable":true,"href":"https:\/\/divainers.com\/ro\/wp-json\/wp\/v2\/product_cat?post=519"},{"taxonomy":"product_tag","embeddable":true,"href":"https:\/\/divainers.com\/ro\/wp-json\/wp\/v2\/product_tag?post=519"}],"curies":[{"name":"wp","href":"https:\/\/api.w.org\/{rel}","templated":true}]}}