{"id":5205,"date":"2025-11-21T09:30:16","date_gmt":"2025-11-21T08:30:16","guid":{"rendered":"https:\/\/divainers.com\/?post_type=product&#038;p=5205"},"modified":"2026-03-16T16:08:40","modified_gmt":"2026-03-16T15:08:40","slug":"divain-1305","status":"publish","type":"product","link":"https:\/\/divainers.com\/ro\/producto\/divain-1305\/","title":{"rendered":"divain.1305"},"content":{"rendered":"<p>Evoca un aire elegante y carism\u00e1tico, con ese sello brit\u00e1nico distintivo de Penhaligon\u2019s que combina refinamiento y un punto juguet\u00f3n. Se siente pulcro, encantador y f\u00e1cil de llevar, con una presencia moderna y bien equilibrada que deja una impresi\u00f3n suave pero memorable.<\/p>\n","protected":false},"excerpt":{"rendered":"<p>Recuerda a Fortuitous Finley de Penhaligon&#8217;s<\/p>\n","protected":false},"featured_media":5206,"comment_status":"open","ping_status":"closed","template":"","meta":[],"product_brand":[],"product_cat":[852],"product_tag":[],"class_list":{"0":"post-5205","1":"product","2":"type-product","3":"status-publish","4":"has-post-thumbnail","6":"product_cat-penhaligons","8":"first","9":"instock","10":"shipping-taxable","11":"product-type-simple"},"_links":{"self":[{"href":"https:\/\/divainers.com\/ro\/wp-json\/wp\/v2\/product\/5205","targetHints":{"allow":["GET"]}}],"collection":[{"href":"https:\/\/divainers.com\/ro\/wp-json\/wp\/v2\/product"}],"about":[{"href":"https:\/\/divainers.com\/ro\/wp-json\/wp\/v2\/types\/product"}],"replies":[{"embeddable":true,"href":"https:\/\/divainers.com\/ro\/wp-json\/wp\/v2\/comments?post=5205"}],"wp:featuredmedia":[{"embeddable":true,"href":"https:\/\/divainers.com\/ro\/wp-json\/wp\/v2\/media\/5206"}],"wp:attachment":[{"href":"https:\/\/divainers.com\/ro\/wp-json\/wp\/v2\/media?parent=5205"}],"wp:term":[{"taxonomy":"product_brand","embeddable":true,"href":"https:\/\/divainers.com\/ro\/wp-json\/wp\/v2\/product_brand?post=5205"},{"taxonomy":"product_cat","embeddable":true,"href":"https:\/\/divainers.com\/ro\/wp-json\/wp\/v2\/product_cat?post=5205"},{"taxonomy":"product_tag","embeddable":true,"href":"https:\/\/divainers.com\/ro\/wp-json\/wp\/v2\/product_tag?post=5205"}],"curies":[{"name":"wp","href":"https:\/\/api.w.org\/{rel}","templated":true}]}}