{"id":555,"date":"2025-01-31T08:32:17","date_gmt":"2025-01-31T07:32:17","guid":{"rendered":"https:\/\/divainers.com\/producto\/divain-806\/"},"modified":"2026-03-16T16:07:31","modified_gmt":"2026-03-16T15:07:31","slug":"divain-806","status":"publish","type":"product","link":"https:\/\/divainers.com\/ro\/producto\/divain-806\/","title":{"rendered":"divain.806"},"content":{"rendered":"<p>\u200b<span class=\"relative -mx-px my-[-0.2rem] rounded px-px py-[0.2rem]\">Esta fragancia unisex se caracteriza por su aroma envolvente y dulce, centrado en la esencia de la vainilla.<\/span> <span class=\"relative -mx-px my-[-0.2rem] rounded px-px py-[0.2rem]\">Las notas de salida, coraz\u00f3n y fondo est\u00e1n dominadas por esta nota, ofreciendo una experiencia olfativa c\u00e1lida y reconfortante.<\/span> <span class=\"relative -mx-px my-[-0.2rem] rounded px-px py-[0.2rem]\">Ideal para el uso diurno, especialmente en primavera, su intensidad moderada la convierte en una opci\u00f3n perfecta para quienes buscan una esencia que evoque suavidad y confort.<\/span><\/p>\n","protected":false},"excerpt":{"rendered":"<p>Recuerda a Silky Vanilla de divain.\u00ae Monofragancias<\/p>\n","protected":false},"featured_media":3414,"comment_status":"open","ping_status":"closed","template":"","meta":[],"product_brand":[],"product_cat":[2437],"product_tag":[1391],"class_list":{"0":"post-555","1":"product","2":"type-product","3":"status-publish","4":"has-post-thumbnail","6":"product_cat-divain-monofragancias","7":"product_tag-unisex","9":"first","10":"instock","11":"shipping-taxable","12":"product-type-simple"},"_links":{"self":[{"href":"https:\/\/divainers.com\/ro\/wp-json\/wp\/v2\/product\/555","targetHints":{"allow":["GET"]}}],"collection":[{"href":"https:\/\/divainers.com\/ro\/wp-json\/wp\/v2\/product"}],"about":[{"href":"https:\/\/divainers.com\/ro\/wp-json\/wp\/v2\/types\/product"}],"replies":[{"embeddable":true,"href":"https:\/\/divainers.com\/ro\/wp-json\/wp\/v2\/comments?post=555"}],"wp:featuredmedia":[{"embeddable":true,"href":"https:\/\/divainers.com\/ro\/wp-json\/wp\/v2\/media\/3414"}],"wp:attachment":[{"href":"https:\/\/divainers.com\/ro\/wp-json\/wp\/v2\/media?parent=555"}],"wp:term":[{"taxonomy":"product_brand","embeddable":true,"href":"https:\/\/divainers.com\/ro\/wp-json\/wp\/v2\/product_brand?post=555"},{"taxonomy":"product_cat","embeddable":true,"href":"https:\/\/divainers.com\/ro\/wp-json\/wp\/v2\/product_cat?post=555"},{"taxonomy":"product_tag","embeddable":true,"href":"https:\/\/divainers.com\/ro\/wp-json\/wp\/v2\/product_tag?post=555"}],"curies":[{"name":"wp","href":"https:\/\/api.w.org\/{rel}","templated":true}]}}