{"id":596,"date":"2025-01-31T08:32:23","date_gmt":"2025-01-31T07:32:23","guid":{"rendered":"https:\/\/divainers.com\/producto\/divain-124\/"},"modified":"2026-03-16T16:07:34","modified_gmt":"2026-03-16T15:07:34","slug":"divain-124","status":"publish","type":"product","link":"https:\/\/divainers.com\/ro\/producto\/divain-124\/","title":{"rendered":"divain.124"},"content":{"rendered":"<p>Un aroma cautivador y sensual que envuelve los sentidos con su magnetismo irresistible. Su apertura jugosa de bayas rojas y grosella negra aporta un toque vibrante y adictivo. En el coraz\u00f3n, un bouquet floral de jazm\u00edn, magnolia y heliotropo despliega una feminidad seductora y sofisticada. En el fondo, la vainilla, el \u00e1mbar y el s\u00e1ndalo crean una estela c\u00e1lida, envolvente y profundamente atractiva, perfecta para la mujer segura de s\u00ed misma, apasionada y con un encanto natural que deja una huella inolvidable.<\/p>\n","protected":false},"excerpt":{"rendered":"<p>Recuerda a Magnetism EDP de Escada<\/p>\n","protected":false},"featured_media":3614,"comment_status":"open","ping_status":"closed","template":"","meta":[],"product_brand":[],"product_cat":[344],"product_tag":[38],"class_list":{"0":"post-596","1":"product","2":"type-product","3":"status-publish","4":"has-post-thumbnail","6":"product_cat-escada","7":"product_tag-mujer","9":"first","10":"instock","11":"shipping-taxable","12":"product-type-simple"},"_links":{"self":[{"href":"https:\/\/divainers.com\/ro\/wp-json\/wp\/v2\/product\/596","targetHints":{"allow":["GET"]}}],"collection":[{"href":"https:\/\/divainers.com\/ro\/wp-json\/wp\/v2\/product"}],"about":[{"href":"https:\/\/divainers.com\/ro\/wp-json\/wp\/v2\/types\/product"}],"replies":[{"embeddable":true,"href":"https:\/\/divainers.com\/ro\/wp-json\/wp\/v2\/comments?post=596"}],"wp:featuredmedia":[{"embeddable":true,"href":"https:\/\/divainers.com\/ro\/wp-json\/wp\/v2\/media\/3614"}],"wp:attachment":[{"href":"https:\/\/divainers.com\/ro\/wp-json\/wp\/v2\/media?parent=596"}],"wp:term":[{"taxonomy":"product_brand","embeddable":true,"href":"https:\/\/divainers.com\/ro\/wp-json\/wp\/v2\/product_brand?post=596"},{"taxonomy":"product_cat","embeddable":true,"href":"https:\/\/divainers.com\/ro\/wp-json\/wp\/v2\/product_cat?post=596"},{"taxonomy":"product_tag","embeddable":true,"href":"https:\/\/divainers.com\/ro\/wp-json\/wp\/v2\/product_tag?post=596"}],"curies":[{"name":"wp","href":"https:\/\/api.w.org\/{rel}","templated":true}]}}