{"id":648,"date":"2025-01-31T08:32:28","date_gmt":"2025-01-31T07:32:28","guid":{"rendered":"https:\/\/divainers.com\/producto\/divain-643\/"},"modified":"2026-03-16T16:07:39","modified_gmt":"2026-03-16T15:07:39","slug":"divain-643","status":"publish","type":"product","link":"https:\/\/divainers.com\/ro\/producto\/divain-643\/","title":{"rendered":"divain.643"},"content":{"rendered":"<div class=\"text-base my-auto mx-auto py-5 px-6\">\n<div class=\"mx-auto flex flex-1 text-base gap-4 md:gap-5 lg:gap-6 md:max-w-3xl lg:max-w-[40rem] xl:max-w-[48rem]\">\n<div class=\"group\/conversation-turn relative flex w-full min-w-0 flex-col agent-turn @xs\/thread:px-0 @sm\/thread:px-1.5 @md\/thread:px-4\">\n<div class=\"relative flex-col gap-1 md:gap-3\">\n<div class=\"flex max-w-full flex-col flex-grow\">\n<div class=\"min-h-8 text-message relative flex w-full flex-col items-end gap-2 whitespace-normal break-words text-start [.text-message+&amp;]:mt-5\" dir=\"auto\" data-message-author-role=\"assistant\" data-message-id=\"3ca63d41-8d5c-4748-9776-4d13287a94fb\" data-message-model-slug=\"gpt-4o-mini\">\n<div class=\"flex w-full flex-col gap-1 empty:hidden first:pt-[3px]\">\n<div class=\"markdown prose w-full break-words dark:prose-invert light\">\n<p class=\"\" data-start=\"0\" data-end=\"449\">Un perfume floral y luminoso que irradia frescura, elegancia y feminidad. Desde la apertura, las notas vibrantes de bergamota y flor de azahar ofrecen una sensaci\u00f3n fresca y envolvente, seguida por el delicado toque floral del jazm\u00edn y el tuberosa en el coraz\u00f3n, que a\u00f1aden una faceta sofisticada y radiante. En el fondo, el suave toque amaderado del cedro y el reconfortante almizcle crean una base c\u00e1lida y aterciopelada que perdura con elegancia.<\/p>\n<p class=\"\" data-start=\"451\" data-end=\"828\">Ideal para quienes buscan una fragancia fresca, floral y moderna, <em data-start=\"517\" data-end=\"525\">My Way<\/em> es perfecta para el d\u00eda a d\u00eda, aportando una sensaci\u00f3n de confianza y luminosidad. Su equilibrio entre frescura y sensualidad lo convierte en un perfume vers\u00e1til para todas las estaciones, especialmente para aquellos momentos en los que deseas dejar una impresi\u00f3n duradera de feminidad y sofisticaci\u00f3n.<\/p>\n<\/div>\n<\/div>\n<\/div>\n<\/div>\n<\/div>\n<\/div>\n<\/div>\n<\/div>\n","protected":false},"excerpt":{"rendered":"<p>Recuerda a My Way de Giorgio Armani<\/p>\n","protected":false},"featured_media":3493,"comment_status":"open","ping_status":"closed","template":"","meta":[],"product_brand":[],"product_cat":[381],"product_tag":[1434],"class_list":{"0":"post-648","1":"product","2":"type-product","3":"status-publish","4":"has-post-thumbnail","6":"product_cat-giorgio-armani","7":"product_tag-zene","9":"first","10":"instock","11":"shipping-taxable","12":"product-type-simple"},"_links":{"self":[{"href":"https:\/\/divainers.com\/ro\/wp-json\/wp\/v2\/product\/648","targetHints":{"allow":["GET"]}}],"collection":[{"href":"https:\/\/divainers.com\/ro\/wp-json\/wp\/v2\/product"}],"about":[{"href":"https:\/\/divainers.com\/ro\/wp-json\/wp\/v2\/types\/product"}],"replies":[{"embeddable":true,"href":"https:\/\/divainers.com\/ro\/wp-json\/wp\/v2\/comments?post=648"}],"wp:featuredmedia":[{"embeddable":true,"href":"https:\/\/divainers.com\/ro\/wp-json\/wp\/v2\/media\/3493"}],"wp:attachment":[{"href":"https:\/\/divainers.com\/ro\/wp-json\/wp\/v2\/media?parent=648"}],"wp:term":[{"taxonomy":"product_brand","embeddable":true,"href":"https:\/\/divainers.com\/ro\/wp-json\/wp\/v2\/product_brand?post=648"},{"taxonomy":"product_cat","embeddable":true,"href":"https:\/\/divainers.com\/ro\/wp-json\/wp\/v2\/product_cat?post=648"},{"taxonomy":"product_tag","embeddable":true,"href":"https:\/\/divainers.com\/ro\/wp-json\/wp\/v2\/product_tag?post=648"}],"curies":[{"name":"wp","href":"https:\/\/api.w.org\/{rel}","templated":true}]}}