{"id":687,"date":"2025-01-31T08:32:34","date_gmt":"2025-01-31T07:32:34","guid":{"rendered":"https:\/\/divainers.com\/producto\/divain-163\/"},"modified":"2026-03-16T16:07:41","modified_gmt":"2026-03-16T15:07:41","slug":"divain-163","status":"publish","type":"product","link":"https:\/\/divainers.com\/ro\/producto\/divain-163\/","title":{"rendered":"divain.163"},"content":{"rendered":"<p>Un aroma atemporal y seductor que encarna la esencia del lujo y la sensualidad. Su apertura c\u00edtrica de bergamota y lim\u00f3n despierta los sentidos con un frescor vibrante. En el coraz\u00f3n, el jazm\u00edn y la rosa despliegan una feminidad sofisticada y envolvente. En el fondo, la vainilla cremosa, el incienso y el haba tonka crean una estela c\u00e1lida, oriental y cautivadora, perfecta para la mujer elegante, apasionada y con un aura de misterio que deja una huella imborrable all\u00e1 donde va.<\/p>\n","protected":false},"excerpt":{"rendered":"<p>Recuerda a Shalimar de Guerlain<\/p>\n","protected":false},"featured_media":3685,"comment_status":"open","ping_status":"closed","template":"","meta":[],"product_brand":[],"product_cat":[443],"product_tag":[38],"class_list":{"0":"post-687","1":"product","2":"type-product","3":"status-publish","4":"has-post-thumbnail","6":"product_cat-guerlain","7":"product_tag-mujer","9":"first","10":"instock","11":"shipping-taxable","12":"product-type-simple"},"_links":{"self":[{"href":"https:\/\/divainers.com\/ro\/wp-json\/wp\/v2\/product\/687","targetHints":{"allow":["GET"]}}],"collection":[{"href":"https:\/\/divainers.com\/ro\/wp-json\/wp\/v2\/product"}],"about":[{"href":"https:\/\/divainers.com\/ro\/wp-json\/wp\/v2\/types\/product"}],"replies":[{"embeddable":true,"href":"https:\/\/divainers.com\/ro\/wp-json\/wp\/v2\/comments?post=687"}],"wp:featuredmedia":[{"embeddable":true,"href":"https:\/\/divainers.com\/ro\/wp-json\/wp\/v2\/media\/3685"}],"wp:attachment":[{"href":"https:\/\/divainers.com\/ro\/wp-json\/wp\/v2\/media?parent=687"}],"wp:term":[{"taxonomy":"product_brand","embeddable":true,"href":"https:\/\/divainers.com\/ro\/wp-json\/wp\/v2\/product_brand?post=687"},{"taxonomy":"product_cat","embeddable":true,"href":"https:\/\/divainers.com\/ro\/wp-json\/wp\/v2\/product_cat?post=687"},{"taxonomy":"product_tag","embeddable":true,"href":"https:\/\/divainers.com\/ro\/wp-json\/wp\/v2\/product_tag?post=687"}],"curies":[{"name":"wp","href":"https:\/\/api.w.org\/{rel}","templated":true}]}}