{"id":7000,"date":"2025-01-31T08:31:48","date_gmt":"2025-01-31T07:31:48","guid":{"rendered":"https:\/\/divainers.com\/producto\/divain-205\/"},"modified":"2026-03-26T14:15:49","modified_gmt":"2026-03-26T13:15:49","slug":"divain-205","status":"publish","type":"product","link":"https:\/\/divainers.com\/ro\/producto\/divain-205\/","title":{"rendered":"divain.205"},"content":{"rendered":"<p><span data-sheets-root=\"1\">Un parfum vibrant \u0219i magnetic care eman\u0103 \u00eencredere \u0219i tinere\u021be la fiecare not\u0103. Deschiderea sa proasp\u0103t\u0103 \u0219i stimulativ\u0103 combin\u0103 l\u0103m\u00e2ie, portocal\u0103 \u0219i cardamom, cre\u00e2nd o explozie citrice, plin\u0103 de energie. \u00cen inim\u0103, lavanda \u0219i rozmarinul aduc o not\u0103 aromatic\u0103 curat\u0103 \u0219i masculin\u0103, \u00een timp ce baza lemnoas\u0103 de mosc, vetiver \u0219i mu\u0219chi de stejar adaug\u0103 profunzime \u0219i senzualitate. Perfect pentru cei care caut\u0103 un parfum proasp\u0103t, \u00eendr\u0103zne\u021b \u0219i seduc\u0103tor, ideal pentru uz zilnic sau pentru a l\u0103sa o impresie de neuitat.   <\/span><\/p>\n","protected":false},"excerpt":{"rendered":"<p>Aminte\u0219te-\u021bi de Fierce de la Abercrombie &amp; Fitch<\/p>\n","protected":false},"featured_media":3374,"comment_status":"open","ping_status":"closed","template":"","meta":[],"product_brand":[],"product_cat":[1329],"product_tag":[1350],"class_list":{"0":"post-7000","1":"product","2":"type-product","3":"status-publish","4":"has-post-thumbnail","6":"product_cat-abercrombie-fitch","7":"product_tag-uomo","9":"first","10":"instock","11":"shipping-taxable","12":"product-type-simple"},"_links":{"self":[{"href":"https:\/\/divainers.com\/ro\/wp-json\/wp\/v2\/product\/7000","targetHints":{"allow":["GET"]}}],"collection":[{"href":"https:\/\/divainers.com\/ro\/wp-json\/wp\/v2\/product"}],"about":[{"href":"https:\/\/divainers.com\/ro\/wp-json\/wp\/v2\/types\/product"}],"replies":[{"embeddable":true,"href":"https:\/\/divainers.com\/ro\/wp-json\/wp\/v2\/comments?post=7000"}],"wp:featuredmedia":[{"embeddable":true,"href":"https:\/\/divainers.com\/ro\/wp-json\/wp\/v2\/media\/3374"}],"wp:attachment":[{"href":"https:\/\/divainers.com\/ro\/wp-json\/wp\/v2\/media?parent=7000"}],"wp:term":[{"taxonomy":"product_brand","embeddable":true,"href":"https:\/\/divainers.com\/ro\/wp-json\/wp\/v2\/product_brand?post=7000"},{"taxonomy":"product_cat","embeddable":true,"href":"https:\/\/divainers.com\/ro\/wp-json\/wp\/v2\/product_cat?post=7000"},{"taxonomy":"product_tag","embeddable":true,"href":"https:\/\/divainers.com\/ro\/wp-json\/wp\/v2\/product_tag?post=7000"}],"curies":[{"name":"wp","href":"https:\/\/api.w.org\/{rel}","templated":true}]}}