{"id":7037,"date":"2025-01-31T08:31:48","date_gmt":"2025-01-31T07:31:48","guid":{"rendered":"https:\/\/divainers.com\/producto\/divain-320\/"},"modified":"2026-04-30T09:43:05","modified_gmt":"2026-04-30T07:43:05","slug":"divain-320","status":"publish","type":"product","link":"https:\/\/divainers.com\/ro\/producto\/divain-320\/","title":{"rendered":"divain.320"},"content":{"rendered":"<p>O arom\u0103 vibrant\u0103 \u0219i masculin\u0103, cu un debut proasp\u0103t \u0219i fructat datorit\u0103 bergamotei \u0219i m\u0103rului verde, combinate cu o not\u0103 condimentat\u0103 de cardamom. \u00cen inim\u0103, notele aromatice de lavand\u0103 \u0219i rozmarin adaug\u0103 un caracter curat \u0219i modern, \u00een timp ce baza devine mai cald\u0103 \u0219i \u00eenv\u0103luitoare cu ambr\u0103, boabe tonka \u0219i lemnuri profunde, cre\u00e2nd un parfum echilibrat \u00eentre prospe\u021bime \u0219i senzualitate, ideal pentru purtarea zilnic\u0103.<\/p>\n","protected":false},"excerpt":{"rendered":"<p>Aduce aminte de First Instinct Blue de la Abercrombie &#038; Fitch<\/p>\n","protected":false},"featured_media":7040,"comment_status":"open","ping_status":"closed","template":"","meta":[],"product_brand":[],"product_cat":[1329],"product_tag":[1369],"class_list":{"0":"post-7037","1":"product","2":"type-product","3":"status-publish","4":"has-post-thumbnail","6":"product_cat-abercrombie-fitch","7":"product_tag-barbati","9":"first","10":"instock","11":"shipping-taxable","12":"product-type-simple"},"_links":{"self":[{"href":"https:\/\/divainers.com\/ro\/wp-json\/wp\/v2\/product\/7037","targetHints":{"allow":["GET"]}}],"collection":[{"href":"https:\/\/divainers.com\/ro\/wp-json\/wp\/v2\/product"}],"about":[{"href":"https:\/\/divainers.com\/ro\/wp-json\/wp\/v2\/types\/product"}],"replies":[{"embeddable":true,"href":"https:\/\/divainers.com\/ro\/wp-json\/wp\/v2\/comments?post=7037"}],"wp:featuredmedia":[{"embeddable":true,"href":"https:\/\/divainers.com\/ro\/wp-json\/wp\/v2\/media\/7040"}],"wp:attachment":[{"href":"https:\/\/divainers.com\/ro\/wp-json\/wp\/v2\/media?parent=7037"}],"wp:term":[{"taxonomy":"product_brand","embeddable":true,"href":"https:\/\/divainers.com\/ro\/wp-json\/wp\/v2\/product_brand?post=7037"},{"taxonomy":"product_cat","embeddable":true,"href":"https:\/\/divainers.com\/ro\/wp-json\/wp\/v2\/product_cat?post=7037"},{"taxonomy":"product_tag","embeddable":true,"href":"https:\/\/divainers.com\/ro\/wp-json\/wp\/v2\/product_tag?post=7037"}],"curies":[{"name":"wp","href":"https:\/\/api.w.org\/{rel}","templated":true}]}}