{"id":7062,"date":"2025-01-31T08:31:48","date_gmt":"2025-01-31T07:31:48","guid":{"rendered":"https:\/\/divainers.com\/producto\/divain-276\/"},"modified":"2026-04-30T09:43:12","modified_gmt":"2026-04-30T07:43:12","slug":"divain-276","status":"publish","type":"product","link":"https:\/\/divainers.com\/ro\/producto\/divain-276\/","title":{"rendered":"divain.276"},"content":{"rendered":"<p>Este o arom\u0103 clasic\u0103 \u0219i rafinat\u0103, care se remarc\u0103 prin prospe\u021bimea \u0219i elegan\u021ba sa atemporal\u0103. Cu o baz\u0103 citric\u0103 \u0219i proasp\u0103t\u0103, notele de v\u00e2rf includ l\u0103m\u00e2ie, portocal\u0103 \u0219i bergamot\u0103, oferind o senza\u021bie revigorant\u0103. \u00cen inima sa se reg\u0103sesc arome florale precum lavand\u0103, iasomie \u0219i trandafir, conferindu-i o not\u0103 de sofisticare. Baza lemnoas\u0103, cu note de vetiver, lemn de santal \u0219i patchouli, adaug\u0103 profunzime \u0219i persisten\u021b\u0103. Este ideal pentru b\u0103rbatul care apreciaz\u0103 parfumurile proaspete, dar cu o complexitate subtil\u0103 ce persist\u0103 pe tot parcursul zilei.<\/p>\n","protected":false},"excerpt":{"rendered":"<p>Aduce aminte de Acqua Di Parma de la Acqua di Parma<\/p>\n","protected":false},"featured_media":7064,"comment_status":"open","ping_status":"closed","template":"","meta":[],"product_brand":[],"product_cat":[1380],"product_tag":[1382],"class_list":{"0":"post-7062","1":"product","2":"type-product","3":"status-publish","4":"has-post-thumbnail","6":"product_cat-acqua-di-parma","7":"product_tag-unisex","9":"first","10":"instock","11":"shipping-taxable","12":"product-type-simple"},"_links":{"self":[{"href":"https:\/\/divainers.com\/ro\/wp-json\/wp\/v2\/product\/7062","targetHints":{"allow":["GET"]}}],"collection":[{"href":"https:\/\/divainers.com\/ro\/wp-json\/wp\/v2\/product"}],"about":[{"href":"https:\/\/divainers.com\/ro\/wp-json\/wp\/v2\/types\/product"}],"replies":[{"embeddable":true,"href":"https:\/\/divainers.com\/ro\/wp-json\/wp\/v2\/comments?post=7062"}],"wp:featuredmedia":[{"embeddable":true,"href":"https:\/\/divainers.com\/ro\/wp-json\/wp\/v2\/media\/7064"}],"wp:attachment":[{"href":"https:\/\/divainers.com\/ro\/wp-json\/wp\/v2\/media?parent=7062"}],"wp:term":[{"taxonomy":"product_brand","embeddable":true,"href":"https:\/\/divainers.com\/ro\/wp-json\/wp\/v2\/product_brand?post=7062"},{"taxonomy":"product_cat","embeddable":true,"href":"https:\/\/divainers.com\/ro\/wp-json\/wp\/v2\/product_cat?post=7062"},{"taxonomy":"product_tag","embeddable":true,"href":"https:\/\/divainers.com\/ro\/wp-json\/wp\/v2\/product_tag?post=7062"}],"curies":[{"name":"wp","href":"https:\/\/api.w.org\/{rel}","templated":true}]}}