{"id":7073,"date":"2025-01-31T08:31:49","date_gmt":"2025-01-31T07:31:49","guid":{"rendered":"https:\/\/divainers.com\/producto\/divain-770\/"},"modified":"2026-04-30T09:43:16","modified_gmt":"2026-04-30T07:43:16","slug":"divain-770","status":"publish","type":"product","link":"https:\/\/divainers.com\/ro\/producto\/divain-770\/","title":{"rendered":"divain.770"},"content":{"rendered":"<p>Aceast\u0103 arom\u0103 unisex se deschide cu un amestec de note citrice \u0219i condimentate, unde bergamota din Calabria \u0219i mandarina galben\u0103 aduc prospe\u021bime, \u00een timp ce piperul roz adaug\u0103 o not\u0103 subtil\u0103 \u0219i intrigant\u0103. \u00cen inima sa, floarea de cire\u0219 \u0219i iasomia sambac se \u00eempletesc, evoc\u00e2nd lini\u0219tea \u0219i frumuse\u021bea gr\u0103dinilor japoneze \u00eenflorite. Baza de mosc ofer\u0103 o moliciune cald\u0103 \u0219i senzual\u0103, prelungind experien\u021ba olfactiv\u0103 pe piele. Aceast\u0103 arom\u0103 surprinde esen\u021ba prim\u0103verii japoneze, oferind o senza\u021bie de prospe\u021bime \u0219i elegan\u021b\u0103 la fiecare aplicare.<\/p>\n","protected":false},"excerpt":{"rendered":"<p>Aduce aminte de Sakura EDP de la Acqua di Parma<\/p>\n","protected":false},"featured_media":7074,"comment_status":"open","ping_status":"closed","template":"","meta":[],"product_brand":[],"product_cat":[1380],"product_tag":[1382],"class_list":{"0":"post-7073","1":"product","2":"type-product","3":"status-publish","4":"has-post-thumbnail","6":"product_cat-acqua-di-parma","7":"product_tag-unisex","9":"first","10":"instock","11":"shipping-taxable","12":"product-type-simple"},"_links":{"self":[{"href":"https:\/\/divainers.com\/ro\/wp-json\/wp\/v2\/product\/7073","targetHints":{"allow":["GET"]}}],"collection":[{"href":"https:\/\/divainers.com\/ro\/wp-json\/wp\/v2\/product"}],"about":[{"href":"https:\/\/divainers.com\/ro\/wp-json\/wp\/v2\/types\/product"}],"replies":[{"embeddable":true,"href":"https:\/\/divainers.com\/ro\/wp-json\/wp\/v2\/comments?post=7073"}],"wp:featuredmedia":[{"embeddable":true,"href":"https:\/\/divainers.com\/ro\/wp-json\/wp\/v2\/media\/7074"}],"wp:attachment":[{"href":"https:\/\/divainers.com\/ro\/wp-json\/wp\/v2\/media?parent=7073"}],"wp:term":[{"taxonomy":"product_brand","embeddable":true,"href":"https:\/\/divainers.com\/ro\/wp-json\/wp\/v2\/product_brand?post=7073"},{"taxonomy":"product_cat","embeddable":true,"href":"https:\/\/divainers.com\/ro\/wp-json\/wp\/v2\/product_cat?post=7073"},{"taxonomy":"product_tag","embeddable":true,"href":"https:\/\/divainers.com\/ro\/wp-json\/wp\/v2\/product_tag?post=7073"}],"curies":[{"name":"wp","href":"https:\/\/api.w.org\/{rel}","templated":true}]}}