{"id":7145,"date":"2025-01-31T08:31:49","date_gmt":"2025-01-31T07:31:49","guid":{"rendered":"https:\/\/divainers.com\/producto\/divain-443\/"},"modified":"2026-04-30T09:43:37","modified_gmt":"2026-04-30T07:43:37","slug":"divain-443","status":"publish","type":"product","link":"https:\/\/divainers.com\/ro\/producto\/divain-443\/","title":{"rendered":"divain.443"},"content":{"rendered":"<p>Un parfum proasp\u0103t \u0219i luminos care te poart\u0103 \u00een briza mediteranean\u0103, unde soarele m\u00e2ng\u00e2ie pielea, iar marea \u0219opte\u0219te la orizont. Din primul moment, vitalitatea mirtului \u0219i efervescen\u021ba citricelor italiene trezesc sim\u021burile cu o energie radiant\u0103. \u00cen inima sa, ienup\u0103rul \u0219i notele florale adaug\u0103 o not\u0103 aromatic\u0103 \u0219i rafinat\u0103, evoc\u00e2nd natura \u00een cea mai pur\u0103 expresie. \u00cen final, o baz\u0103 ambrat\u0103 \u0219i moscata las\u0103 o urm\u0103 moale, \u00eenv\u0103luitoare \u0219i elegant\u0103. Un parfum revitalizant \u0219i sofisticat, ideal pentru cei care caut\u0103 prospe\u021bime, serenitate \u0219i o atmosfer\u0103 de evadare mediteranean\u0103.<\/p>\n","protected":false},"excerpt":{"rendered":"<p>Aduce aminte de Blue Mediterraneo Mirto di Panarea de la Acqua Di Parma<\/p>\n","protected":false},"featured_media":7147,"comment_status":"open","ping_status":"closed","template":"","meta":[],"product_brand":[],"product_cat":[1380],"product_tag":[1405],"class_list":{"0":"post-7145","1":"product","2":"type-product","3":"status-publish","4":"has-post-thumbnail","6":"product_cat-acqua-di-parma","7":"product_tag-unisex","9":"first","10":"instock","11":"shipping-taxable","12":"product-type-simple"},"_links":{"self":[{"href":"https:\/\/divainers.com\/ro\/wp-json\/wp\/v2\/product\/7145","targetHints":{"allow":["GET"]}}],"collection":[{"href":"https:\/\/divainers.com\/ro\/wp-json\/wp\/v2\/product"}],"about":[{"href":"https:\/\/divainers.com\/ro\/wp-json\/wp\/v2\/types\/product"}],"replies":[{"embeddable":true,"href":"https:\/\/divainers.com\/ro\/wp-json\/wp\/v2\/comments?post=7145"}],"wp:featuredmedia":[{"embeddable":true,"href":"https:\/\/divainers.com\/ro\/wp-json\/wp\/v2\/media\/7147"}],"wp:attachment":[{"href":"https:\/\/divainers.com\/ro\/wp-json\/wp\/v2\/media?parent=7145"}],"wp:term":[{"taxonomy":"product_brand","embeddable":true,"href":"https:\/\/divainers.com\/ro\/wp-json\/wp\/v2\/product_brand?post=7145"},{"taxonomy":"product_cat","embeddable":true,"href":"https:\/\/divainers.com\/ro\/wp-json\/wp\/v2\/product_cat?post=7145"},{"taxonomy":"product_tag","embeddable":true,"href":"https:\/\/divainers.com\/ro\/wp-json\/wp\/v2\/product_tag?post=7145"}],"curies":[{"name":"wp","href":"https:\/\/api.w.org\/{rel}","templated":true}]}}